{"id":549,"date":"2024-01-11T21:14:06","date_gmt":"2024-01-11T21:14:06","guid":{"rendered":"https:\/\/perfectbikes.es\/?page_id=549"},"modified":"2025-09-24T13:09:16","modified_gmt":"2025-09-24T11:09:16","slug":"ktm-supersport","status":"publish","type":"page","link":"https:\/\/perfectbikes.es\/en\/ktm-supersport\/","title":{"rendered":"KTM Supersport"},"content":{"rendered":"<div data-elementor-type=\"wp-page\" data-elementor-id=\"549\" class=\"elementor elementor-549\" data-elementor-post-type=\"page\">\n\t\t\t\t<div class=\"elementor-element elementor-element-67a8b2e6 e-flex e-con-boxed e-con e-parent\" data-id=\"67a8b2e6\" data-element_type=\"container\" data-settings=\"{&quot;background_background&quot;:&quot;video&quot;,&quot;background_video_link&quot;:&quot;https:\\\/\\\/perfectbikes.es\\\/wp-content\\\/uploads\\\/2024\\\/01\\\/Introducing-the-track-only-READY-TO-RACE-KTM-RC-8C-KTM-online-video-cutter.com_.mp4&quot;,&quot;background_play_on_mobile&quot;:&quot;yes&quot;}\">\n\t\t\t\t\t<div class=\"e-con-inner\">\n\t\t<div class=\"elementor-background-video-container\">\n\t\t\t\t\t\t\t<video class=\"elementor-background-video-hosted\" autoplay muted playsinline loop><\/video>\n\t\t\t\t\t<\/div>\t\t<div class=\"elementor-element elementor-element-3aa199a7 elementor-widget elementor-widget-heading\" data-id=\"3aa199a7\" data-element_type=\"widget\" data-widget_type=\"heading.default\">\n\t\t\t\t<div class=\"elementor-widget-container\">\n\t\t\t\t\t<h2 class=\"elementor-heading-title elementor-size-default\">KtM Supersport<\/h2>\t\t\t\t<\/div>\n\t\t\t\t<\/div>\n\t\t\t\t<div class=\"elementor-element elementor-element-7fa2af2 elementor-align-center elementor-widget elementor-widget-button\" data-id=\"7fa2af2\" data-element_type=\"widget\" data-widget_type=\"button.default\">\n\t\t\t\t<div class=\"elementor-widget-container\">\n\t\t\t\t\t\t\t\t\t<div class=\"elementor-button-wrapper\">\n\t\t\t\t\t<a class=\"elementor-button elementor-button-link elementor-size-sm\" href=\"#modelos\">\n\t\t\t\t\t\t<span class=\"elementor-button-content-wrapper\">\n\t\t\t\t\t\t\t\t\t<span class=\"elementor-button-text\">See models<\/span>\n\t\t\t\t\t<\/span>\n\t\t\t\t\t<\/a>\n\t\t\t\t<\/div>\n\t\t\t\t\t\t\t\t<\/div>\n\t\t\t\t<\/div>\n\t\t\t\t\t<\/div>\n\t\t\t\t<\/div>\n\t\t<div class=\"elementor-element elementor-element-1c608ce7 e-con-full e-flex e-con e-parent\" data-id=\"1c608ce7\" data-element_type=\"container\" id=\"deportivas\">\n\t\t\t\t<div class=\"elementor-element elementor-element-980aafb elementor-widget__width-initial elementor-widget elementor-widget-image\" data-id=\"980aafb\" data-element_type=\"widget\" data-widget_type=\"image.default\">\n\t\t\t\t<div class=\"elementor-widget-container\">\n\t\t\t\t\t\t\t\t\t\t\t\t\t\t\t<img fetchpriority=\"high\" decoding=\"async\" width=\"721\" height=\"620\" src=\"https:\/\/perfectbikes.es\/wp-content\/uploads\/2024\/01\/rc22-meet-at-the-startingline-new.png\" class=\"attachment-large size-large wp-image-557\" alt=\"\" srcset=\"https:\/\/perfectbikes.es\/wp-content\/uploads\/2024\/01\/rc22-meet-at-the-startingline-new.png 721w, https:\/\/perfectbikes.es\/wp-content\/uploads\/2024\/01\/rc22-meet-at-the-startingline-new-300x258.png 300w\" sizes=\"(max-width: 721px) 100vw, 721px\" \/>\t\t\t\t\t\t\t\t\t\t\t\t\t\t\t<\/div>\n\t\t\t\t<\/div>\n\t\t<div class=\"elementor-element elementor-element-7169d8cf e-con-full e-flex e-con e-child\" data-id=\"7169d8cf\" data-element_type=\"container\">\n\t\t\t\t<div class=\"elementor-element elementor-element-7d55d86b elementor-widget elementor-widget-text-editor\" data-id=\"7d55d86b\" data-element_type=\"widget\" data-widget_type=\"text-editor.default\">\n\t\t\t\t<div class=\"elementor-widget-container\">\n\t\t\t\t\t\t\t\t\t<p>Discover the ultimate experience of speed and intense emotions with our cutting-edge sports motorcycles. These high-end machines fuse technological innovation and aerodynamic design to deliver exceptional performance in every corner and straight. Beyond their power, they represent a unique emotional connection with the road, allowing motor enthusiasts to live unforgettable moments. In addition, they guarantee comfort and safety, turning each trip into an exciting and balanced adventure. If you are looking for a riding experience that challenges your limits and ignites your passion, our sports bikes are the perfect choice.<\/p>\t\t\t\t\t\t\t\t<\/div>\n\t\t\t\t<\/div>\n\t\t\t\t<\/div>\n\t\t\t\t<\/div>\n\t\t<div class=\"elementor-element elementor-element-7bb61e48 e-con-full e-flex e-con e-parent\" data-id=\"7bb61e48\" data-element_type=\"container\" id=\"modelos\">\n\t\t<div class=\"elementor-element elementor-element-b81eabd e-con-full e-flex e-con e-child\" data-id=\"b81eabd\" data-element_type=\"container\">\n\t\t\t\t<div class=\"elementor-element elementor-element-11b8e38e elementor-widget__width-initial elementor-widget-mobile__width-initial elementor-position-top elementor-widget elementor-widget-image-box\" data-id=\"11b8e38e\" data-element_type=\"widget\" data-widget_type=\"image-box.default\">\n\t\t\t\t<div class=\"elementor-widget-container\">\n\t\t\t\t\t<div class=\"elementor-image-box-wrapper\"><figure class=\"elementor-image-box-img\"><a href=\"https:\/\/www.ktm.com\/es-es\/models\/supersport\/2023-ktm-rc-8c.html\" target=\"_blank\" tabindex=\"-1\"><img decoding=\"async\" width=\"918\" height=\"629\" src=\"https:\/\/perfectbikes.es\/wp-content\/uploads\/2024\/01\/1-2.png\" class=\"attachment-full size-full wp-image-564\" alt=\"\" srcset=\"https:\/\/perfectbikes.es\/wp-content\/uploads\/2024\/01\/1-2.png 918w, https:\/\/perfectbikes.es\/wp-content\/uploads\/2024\/01\/1-2-300x206.png 300w, https:\/\/perfectbikes.es\/wp-content\/uploads\/2024\/01\/1-2-768x526.png 768w\" sizes=\"(max-width: 918px) 100vw, 918px\" \/><\/a><\/figure><div class=\"elementor-image-box-content\"><h3 class=\"elementor-image-box-title\"><a href=\"https:\/\/www.ktm.com\/es-es\/models\/supersport\/2023-ktm-rc-8c.html\" target=\"_blank\">2023 KTM RC 8C<\/a><\/h3><p class=\"elementor-image-box-description\">TRACK ATTACK<\/p><\/div><\/div>\t\t\t\t<\/div>\n\t\t\t\t<\/div>\n\t\t\t\t<div class=\"elementor-element elementor-element-158ffe0 elementor-widget elementor-widget-button\" data-id=\"158ffe0\" data-element_type=\"widget\" data-widget_type=\"button.default\">\n\t\t\t\t<div class=\"elementor-widget-container\">\n\t\t\t\t\t\t\t\t\t<div class=\"elementor-button-wrapper\">\n\t\t\t\t\t<a class=\"elementor-button elementor-button-link elementor-size-sm\" href=\"#elementor-action%3Aaction%3Dpopup%3Aopen%26settings%3DeyJpZCI6IjEwMTMiLCJ0b2dnbGUiOmZhbHNlfQ%3D%3D\">\n\t\t\t\t\t\t<span class=\"elementor-button-content-wrapper\">\n\t\t\t\t\t\t\t\t\t<span class=\"elementor-button-text\">Mas info<\/span>\n\t\t\t\t\t<\/span>\n\t\t\t\t\t<\/a>\n\t\t\t\t<\/div>\n\t\t\t\t\t\t\t\t<\/div>\n\t\t\t\t<\/div>\n\t\t\t\t<\/div>\n\t\t<div class=\"elementor-element elementor-element-199718a e-con-full e-flex e-con e-child\" data-id=\"199718a\" data-element_type=\"container\">\n\t\t\t\t<div class=\"elementor-element elementor-element-0276061 elementor-widget__width-initial elementor-widget-mobile__width-initial elementor-position-top elementor-widget elementor-widget-image-box\" data-id=\"0276061\" data-element_type=\"widget\" data-widget_type=\"image-box.default\">\n\t\t\t\t<div class=\"elementor-widget-container\">\n\t\t\t\t\t<div class=\"elementor-image-box-wrapper\"><figure class=\"elementor-image-box-img\"><a href=\"https:\/\/www.ktm.com\/es-es\/models\/supersport\/2023-ktm-rc-125-.html\" target=\"_blank\" tabindex=\"-1\"><img decoding=\"async\" width=\"918\" height=\"629\" src=\"https:\/\/perfectbikes.es\/wp-content\/uploads\/2024\/01\/3-2.png\" class=\"attachment-full size-full wp-image-563\" alt=\"\" srcset=\"https:\/\/perfectbikes.es\/wp-content\/uploads\/2024\/01\/3-2.png 918w, https:\/\/perfectbikes.es\/wp-content\/uploads\/2024\/01\/3-2-300x206.png 300w, https:\/\/perfectbikes.es\/wp-content\/uploads\/2024\/01\/3-2-768x526.png 768w\" sizes=\"(max-width: 918px) 100vw, 918px\" \/><\/a><\/figure><div class=\"elementor-image-box-content\"><h3 class=\"elementor-image-box-title\"><a href=\"https:\/\/www.ktm.com\/es-es\/models\/supersport\/2023-ktm-rc-125-.html\" target=\"_blank\">2023 KTM RC 125<\/a><\/h3><p class=\"elementor-image-box-description\">RACE-INSPIRED THRILLS<\/p><\/div><\/div>\t\t\t\t<\/div>\n\t\t\t\t<\/div>\n\t\t\t\t<div class=\"elementor-element elementor-element-eae9370 elementor-widget elementor-widget-button\" data-id=\"eae9370\" data-element_type=\"widget\" data-widget_type=\"button.default\">\n\t\t\t\t<div class=\"elementor-widget-container\">\n\t\t\t\t\t\t\t\t\t<div class=\"elementor-button-wrapper\">\n\t\t\t\t\t<a class=\"elementor-button elementor-button-link elementor-size-sm\" href=\"#elementor-action%3Aaction%3Dpopup%3Aopen%26settings%3DeyJpZCI6IjEwMTMiLCJ0b2dnbGUiOmZhbHNlfQ%3D%3D\">\n\t\t\t\t\t\t<span class=\"elementor-button-content-wrapper\">\n\t\t\t\t\t\t\t\t\t<span class=\"elementor-button-text\">Mas info<\/span>\n\t\t\t\t\t<\/span>\n\t\t\t\t\t<\/a>\n\t\t\t\t<\/div>\n\t\t\t\t\t\t\t\t<\/div>\n\t\t\t\t<\/div>\n\t\t\t\t<\/div>\n\t\t<div class=\"elementor-element elementor-element-7af4533 e-con-full e-flex e-con e-child\" data-id=\"7af4533\" data-element_type=\"container\">\n\t\t\t\t<div class=\"elementor-element elementor-element-c77b364 elementor-widget__width-initial elementor-widget-mobile__width-initial elementor-position-top elementor-widget elementor-widget-image-box\" data-id=\"c77b364\" data-element_type=\"widget\" data-widget_type=\"image-box.default\">\n\t\t\t\t<div class=\"elementor-widget-container\">\n\t\t\t\t\t<div class=\"elementor-image-box-wrapper\"><figure class=\"elementor-image-box-img\"><a href=\"https:\/\/www.ktm.com\/es-es\/models\/supersport\/2023-ktm-rc-390.html\" target=\"_blank\" tabindex=\"-1\"><img loading=\"lazy\" decoding=\"async\" width=\"918\" height=\"629\" src=\"https:\/\/perfectbikes.es\/wp-content\/uploads\/2024\/01\/2-2.png\" class=\"attachment-full size-full wp-image-562\" alt=\"\" srcset=\"https:\/\/perfectbikes.es\/wp-content\/uploads\/2024\/01\/2-2.png 918w, https:\/\/perfectbikes.es\/wp-content\/uploads\/2024\/01\/2-2-300x206.png 300w, https:\/\/perfectbikes.es\/wp-content\/uploads\/2024\/01\/2-2-768x526.png 768w\" sizes=\"(max-width: 918px) 100vw, 918px\" \/><\/a><\/figure><div class=\"elementor-image-box-content\"><h3 class=\"elementor-image-box-title\"><a href=\"https:\/\/www.ktm.com\/es-es\/models\/supersport\/2023-ktm-rc-390.html\" target=\"_blank\">2023 KTM RC 390<\/a><\/h3><p class=\"elementor-image-box-description\">RACE-BRED PERFORMANCE<\/p><\/div><\/div>\t\t\t\t<\/div>\n\t\t\t\t<\/div>\n\t\t\t\t<div class=\"elementor-element elementor-element-7806c92 elementor-widget elementor-widget-button\" data-id=\"7806c92\" data-element_type=\"widget\" data-widget_type=\"button.default\">\n\t\t\t\t<div class=\"elementor-widget-container\">\n\t\t\t\t\t\t\t\t\t<div class=\"elementor-button-wrapper\">\n\t\t\t\t\t<a class=\"elementor-button elementor-button-link elementor-size-sm\" href=\"#elementor-action%3Aaction%3Dpopup%3Aopen%26settings%3DeyJpZCI6IjEwMTMiLCJ0b2dnbGUiOmZhbHNlfQ%3D%3D\">\n\t\t\t\t\t\t<span class=\"elementor-button-content-wrapper\">\n\t\t\t\t\t\t\t\t\t<span class=\"elementor-button-text\">Mas info<\/span>\n\t\t\t\t\t<\/span>\n\t\t\t\t\t<\/a>\n\t\t\t\t<\/div>\n\t\t\t\t\t\t\t\t<\/div>\n\t\t\t\t<\/div>\n\t\t\t\t<\/div>\n\t\t\t\t<\/div>\n\t\t\t\t<\/div>","protected":false},"excerpt":{"rendered":"<p>KtM Supersport Ver modelos Descubre la experiencia definitiva de velocidad y emociones intensas con nuestras motos deportivas de vanguardia. Estas m\u00e1quinas de alta gama fusionan innovaci\u00f3n tecnol\u00f3gica y dise\u00f1o aerodin\u00e1mico para ofrecer un rendimiento excepcional en cada curva y recta. M\u00e1s all\u00e1 de su potencia, representan una conexi\u00f3n emocional \u00fanica con la carretera, permitiendo a [&hellip;]<\/p>\n","protected":false},"author":1,"featured_media":0,"parent":0,"menu_order":0,"comment_status":"closed","ping_status":"closed","template":"","meta":{"_joinchat":[],"footnotes":""},"class_list":["post-549","page","type-page","status-publish","hentry"],"yoast_head":"<!-- This site is optimized with the Yoast SEO plugin v26.8 - https:\/\/yoast.com\/product\/yoast-seo-wordpress\/ -->\n<title>KTM Supersport en Palencia | Potencia y Velocidad Perfect Bikes<\/title>\n<meta name=\"description\" content=\"Descubre la gama KTM Supersport en Perfect Bikes Palencia. Motos deportivas, potencia extrema y dise\u00f1o de competici\u00f3n. Concesionario oficial.\" \/>\n<meta name=\"robots\" content=\"index, follow, max-snippet:-1, max-image-preview:large, max-video-preview:-1\" \/>\n<link rel=\"canonical\" href=\"https:\/\/perfectbikes.es\/en\/ktm-supersport\/\" \/>\n<meta property=\"og:locale\" content=\"en_GB\" \/>\n<meta property=\"og:type\" content=\"article\" \/>\n<meta property=\"og:title\" content=\"KTM Supersport en Palencia | Potencia y Velocidad Perfect Bikes\" \/>\n<meta property=\"og:description\" content=\"Descubre la gama KTM Supersport en Perfect Bikes Palencia. Motos deportivas, potencia extrema y dise\u00f1o de competici\u00f3n. Concesionario oficial.\" \/>\n<meta property=\"og:url\" content=\"https:\/\/perfectbikes.es\/en\/ktm-supersport\/\" \/>\n<meta property=\"og:site_name\" content=\"Pefectbikes.es\" \/>\n<meta property=\"article:publisher\" content=\"https:\/\/www.facebook.com\/people\/PerfectBikes\/61558035638983\/\" \/>\n<meta property=\"article:modified_time\" content=\"2025-09-24T11:09:16+00:00\" \/>\n<meta property=\"og:image\" content=\"https:\/\/perfectbikes.es\/wp-content\/uploads\/2024\/01\/rc22-meet-at-the-startingline-new.png\" \/>\n<meta name=\"twitter:card\" content=\"summary_large_image\" \/>\n<meta name=\"twitter:label1\" content=\"Estimated reading time\" \/>\n\t<meta name=\"twitter:data1\" content=\"2 minutes\" \/>\n<script type=\"application\/ld+json\" class=\"yoast-schema-graph\">{\"@context\":\"https:\/\/schema.org\",\"@graph\":[{\"@type\":\"WebPage\",\"@id\":\"https:\/\/perfectbikes.es\/ktm-supersport\/\",\"url\":\"https:\/\/perfectbikes.es\/ktm-supersport\/\",\"name\":\"KTM Supersport en Palencia | Potencia y Velocidad Perfect Bikes\",\"isPartOf\":{\"@id\":\"https:\/\/perfectbikes.es\/#website\"},\"primaryImageOfPage\":{\"@id\":\"https:\/\/perfectbikes.es\/ktm-supersport\/#primaryimage\"},\"image\":{\"@id\":\"https:\/\/perfectbikes.es\/ktm-supersport\/#primaryimage\"},\"thumbnailUrl\":\"https:\/\/perfectbikes.es\/wp-content\/uploads\/2024\/01\/rc22-meet-at-the-startingline-new.png\",\"datePublished\":\"2024-01-11T21:14:06+00:00\",\"dateModified\":\"2025-09-24T11:09:16+00:00\",\"description\":\"Descubre la gama KTM Supersport en Perfect Bikes Palencia. Motos deportivas, potencia extrema y dise\u00f1o de competici\u00f3n. Concesionario oficial.\",\"breadcrumb\":{\"@id\":\"https:\/\/perfectbikes.es\/ktm-supersport\/#breadcrumb\"},\"inLanguage\":\"en-GB\",\"potentialAction\":[{\"@type\":\"ReadAction\",\"target\":[\"https:\/\/perfectbikes.es\/ktm-supersport\/\"]}]},{\"@type\":\"ImageObject\",\"inLanguage\":\"en-GB\",\"@id\":\"https:\/\/perfectbikes.es\/ktm-supersport\/#primaryimage\",\"url\":\"https:\/\/perfectbikes.es\/wp-content\/uploads\/2024\/01\/rc22-meet-at-the-startingline-new.png\",\"contentUrl\":\"https:\/\/perfectbikes.es\/wp-content\/uploads\/2024\/01\/rc22-meet-at-the-startingline-new.png\"},{\"@type\":\"BreadcrumbList\",\"@id\":\"https:\/\/perfectbikes.es\/ktm-supersport\/#breadcrumb\",\"itemListElement\":[{\"@type\":\"ListItem\",\"position\":1,\"name\":\"Portada\",\"item\":\"https:\/\/perfectbikes.es\/\"},{\"@type\":\"ListItem\",\"position\":2,\"name\":\"KTM Supersport\"}]},{\"@type\":\"WebSite\",\"@id\":\"https:\/\/perfectbikes.es\/#website\",\"url\":\"https:\/\/perfectbikes.es\/\",\"name\":\"Pefectbikes\",\"description\":\"Concesionario Oficial de KTM, CFMotos y Kymco\",\"publisher\":{\"@id\":\"https:\/\/perfectbikes.es\/#organization\"},\"alternateName\":\"Pefectbikes.es\",\"potentialAction\":[{\"@type\":\"SearchAction\",\"target\":{\"@type\":\"EntryPoint\",\"urlTemplate\":\"https:\/\/perfectbikes.es\/?s={search_term_string}\"},\"query-input\":{\"@type\":\"PropertyValueSpecification\",\"valueRequired\":true,\"valueName\":\"search_term_string\"}}],\"inLanguage\":\"en-GB\"},{\"@type\":\"Organization\",\"@id\":\"https:\/\/perfectbikes.es\/#organization\",\"name\":\"PefectBikes\",\"alternateName\":\"PefectBikes.es\",\"url\":\"https:\/\/perfectbikes.es\/\",\"logo\":{\"@type\":\"ImageObject\",\"inLanguage\":\"en-GB\",\"@id\":\"https:\/\/perfectbikes.es\/#\/schema\/logo\/image\/\",\"url\":\"https:\/\/perfectbikes.es\/wp-content\/uploads\/2023\/11\/cropped-Perfect_bikes-_1x1_-removebg-preview-1.png\",\"contentUrl\":\"https:\/\/perfectbikes.es\/wp-content\/uploads\/2023\/11\/cropped-Perfect_bikes-_1x1_-removebg-preview-1.png\",\"width\":512,\"height\":512,\"caption\":\"PefectBikes\"},\"image\":{\"@id\":\"https:\/\/perfectbikes.es\/#\/schema\/logo\/image\/\"},\"sameAs\":[\"https:\/\/www.facebook.com\/people\/PerfectBikes\/61558035638983\/\",\"https:\/\/www.instagram.com\/perfectbikes_\/?hl=es\"]}]}<\/script>\n<!-- \/ Yoast SEO plugin. -->","yoast_head_json":{"title":"KTM Supersport en Palencia | Potencia y Velocidad Perfect Bikes","description":"Descubre la gama KTM Supersport en Perfect Bikes Palencia. Motos deportivas, potencia extrema y dise\u00f1o de competici\u00f3n. Concesionario oficial.","robots":{"index":"index","follow":"follow","max-snippet":"max-snippet:-1","max-image-preview":"max-image-preview:large","max-video-preview":"max-video-preview:-1"},"canonical":"https:\/\/perfectbikes.es\/en\/ktm-supersport\/","og_locale":"en_GB","og_type":"article","og_title":"KTM Supersport en Palencia | Potencia y Velocidad Perfect Bikes","og_description":"Descubre la gama KTM Supersport en Perfect Bikes Palencia. Motos deportivas, potencia extrema y dise\u00f1o de competici\u00f3n. Concesionario oficial.","og_url":"https:\/\/perfectbikes.es\/en\/ktm-supersport\/","og_site_name":"Pefectbikes.es","article_publisher":"https:\/\/www.facebook.com\/people\/PerfectBikes\/61558035638983\/","article_modified_time":"2025-09-24T11:09:16+00:00","og_image":[{"url":"https:\/\/perfectbikes.es\/wp-content\/uploads\/2024\/01\/rc22-meet-at-the-startingline-new.png","type":"","width":"","height":""}],"twitter_card":"summary_large_image","twitter_misc":{"Estimated reading time":"2 minutes"},"schema":{"@context":"https:\/\/schema.org","@graph":[{"@type":"WebPage","@id":"https:\/\/perfectbikes.es\/ktm-supersport\/","url":"https:\/\/perfectbikes.es\/ktm-supersport\/","name":"KTM Supersport en Palencia | Potencia y Velocidad Perfect Bikes","isPartOf":{"@id":"https:\/\/perfectbikes.es\/#website"},"primaryImageOfPage":{"@id":"https:\/\/perfectbikes.es\/ktm-supersport\/#primaryimage"},"image":{"@id":"https:\/\/perfectbikes.es\/ktm-supersport\/#primaryimage"},"thumbnailUrl":"https:\/\/perfectbikes.es\/wp-content\/uploads\/2024\/01\/rc22-meet-at-the-startingline-new.png","datePublished":"2024-01-11T21:14:06+00:00","dateModified":"2025-09-24T11:09:16+00:00","description":"Descubre la gama KTM Supersport en Perfect Bikes Palencia. Motos deportivas, potencia extrema y dise\u00f1o de competici\u00f3n. Concesionario oficial.","breadcrumb":{"@id":"https:\/\/perfectbikes.es\/ktm-supersport\/#breadcrumb"},"inLanguage":"en-GB","potentialAction":[{"@type":"ReadAction","target":["https:\/\/perfectbikes.es\/ktm-supersport\/"]}]},{"@type":"ImageObject","inLanguage":"en-GB","@id":"https:\/\/perfectbikes.es\/ktm-supersport\/#primaryimage","url":"https:\/\/perfectbikes.es\/wp-content\/uploads\/2024\/01\/rc22-meet-at-the-startingline-new.png","contentUrl":"https:\/\/perfectbikes.es\/wp-content\/uploads\/2024\/01\/rc22-meet-at-the-startingline-new.png"},{"@type":"BreadcrumbList","@id":"https:\/\/perfectbikes.es\/ktm-supersport\/#breadcrumb","itemListElement":[{"@type":"ListItem","position":1,"name":"Portada","item":"https:\/\/perfectbikes.es\/"},{"@type":"ListItem","position":2,"name":"KTM Supersport"}]},{"@type":"WebSite","@id":"https:\/\/perfectbikes.es\/#website","url":"https:\/\/perfectbikes.es\/","name":"Pefectbikes","description":"Concesionario Oficial de KTM, CFMotos y Kymco","publisher":{"@id":"https:\/\/perfectbikes.es\/#organization"},"alternateName":"Pefectbikes.es","potentialAction":[{"@type":"SearchAction","target":{"@type":"EntryPoint","urlTemplate":"https:\/\/perfectbikes.es\/?s={search_term_string}"},"query-input":{"@type":"PropertyValueSpecification","valueRequired":true,"valueName":"search_term_string"}}],"inLanguage":"en-GB"},{"@type":"Organization","@id":"https:\/\/perfectbikes.es\/#organization","name":"PefectBikes","alternateName":"PefectBikes.es","url":"https:\/\/perfectbikes.es\/","logo":{"@type":"ImageObject","inLanguage":"en-GB","@id":"https:\/\/perfectbikes.es\/#\/schema\/logo\/image\/","url":"https:\/\/perfectbikes.es\/wp-content\/uploads\/2023\/11\/cropped-Perfect_bikes-_1x1_-removebg-preview-1.png","contentUrl":"https:\/\/perfectbikes.es\/wp-content\/uploads\/2023\/11\/cropped-Perfect_bikes-_1x1_-removebg-preview-1.png","width":512,"height":512,"caption":"PefectBikes"},"image":{"@id":"https:\/\/perfectbikes.es\/#\/schema\/logo\/image\/"},"sameAs":["https:\/\/www.facebook.com\/people\/PerfectBikes\/61558035638983\/","https:\/\/www.instagram.com\/perfectbikes_\/?hl=es"]}]}},"_links":{"self":[{"href":"https:\/\/perfectbikes.es\/en\/wp-json\/wp\/v2\/pages\/549","targetHints":{"allow":["GET"]}}],"collection":[{"href":"https:\/\/perfectbikes.es\/en\/wp-json\/wp\/v2\/pages"}],"about":[{"href":"https:\/\/perfectbikes.es\/en\/wp-json\/wp\/v2\/types\/page"}],"author":[{"embeddable":true,"href":"https:\/\/perfectbikes.es\/en\/wp-json\/wp\/v2\/users\/1"}],"replies":[{"embeddable":true,"href":"https:\/\/perfectbikes.es\/en\/wp-json\/wp\/v2\/comments?post=549"}],"version-history":[{"count":1,"href":"https:\/\/perfectbikes.es\/en\/wp-json\/wp\/v2\/pages\/549\/revisions"}],"predecessor-version":[{"id":1242,"href":"https:\/\/perfectbikes.es\/en\/wp-json\/wp\/v2\/pages\/549\/revisions\/1242"}],"wp:attachment":[{"href":"https:\/\/perfectbikes.es\/en\/wp-json\/wp\/v2\/media?parent=549"}],"curies":[{"name":"wp","href":"https:\/\/api.w.org\/{rel}","templated":true}]}}