{"id":303,"date":"2024-01-09T13:58:17","date_gmt":"2024-01-09T13:58:17","guid":{"rendered":"https:\/\/perfectbikes.es\/?page_id=303"},"modified":"2025-09-24T13:12:53","modified_gmt":"2025-09-24T11:12:53","slug":"contacto","status":"publish","type":"page","link":"https:\/\/perfectbikes.es\/en\/contacto\/","title":{"rendered":"Contact"},"content":{"rendered":"\t\t<div data-elementor-type=\"wp-page\" data-elementor-id=\"303\" class=\"elementor elementor-303\" data-elementor-post-type=\"page\">\n\t\t\t\t<div class=\"elementor-element elementor-element-532f75aa e-con-full e-flex e-con e-parent\" data-id=\"532f75aa\" data-element_type=\"container\" data-settings=\"{&quot;background_background&quot;:&quot;classic&quot;}\">\n\t\t\t\t<div class=\"elementor-element elementor-element-492e0cf animated-slow elementor-invisible elementor-widget elementor-widget-heading\" data-id=\"492e0cf\" data-element_type=\"widget\" data-settings=\"{&quot;_animation&quot;:&quot;slideInUp&quot;}\" data-widget_type=\"heading.default\">\n\t\t\t\t<div class=\"elementor-widget-container\">\n\t\t\t\t\t<h2 class=\"elementor-heading-title elementor-size-default\">\u00danete a la Comunidad Perfect bikes  <\/h2>\t\t\t\t<\/div>\n\t\t\t\t<\/div>\n\t\t\t\t<div class=\"elementor-element elementor-element-cb53ada animated-slow elementor-invisible elementor-widget elementor-widget-heading\" data-id=\"cb53ada\" data-element_type=\"widget\" data-settings=\"{&quot;_animation&quot;:&quot;slideInUp&quot;}\" data-widget_type=\"heading.default\">\n\t\t\t\t<div class=\"elementor-widget-container\">\n\t\t\t\t\t<h2 class=\"elementor-heading-title elementor-size-default\">Cont\u00e1ctanos<\/h2>\t\t\t\t<\/div>\n\t\t\t\t<\/div>\n\t\t\t\t<div class=\"elementor-element elementor-element-8388c46 elementor-button-align-stretch elementor-widget elementor-widget-form\" data-id=\"8388c46\" data-element_type=\"widget\" data-settings=\"{&quot;step_next_label&quot;:&quot;Siguiente&quot;,&quot;step_previous_label&quot;:&quot;Anterior&quot;,&quot;button_width&quot;:&quot;100&quot;,&quot;step_type&quot;:&quot;number_text&quot;,&quot;step_icon_shape&quot;:&quot;circle&quot;}\" data-widget_type=\"form.default\">\n\t\t\t\t<div class=\"elementor-widget-container\">\n\t\t\t\t\t\t\t<form class=\"elementor-form\" method=\"post\" name=\"Contacto\">\n\t\t\t<input type=\"hidden\" name=\"post_id\" value=\"303\"\/>\n\t\t\t<input type=\"hidden\" name=\"form_id\" value=\"8388c46\"\/>\n\t\t\t<input type=\"hidden\" name=\"referer_title\" value=\"Pefectbikes.es\" \/>\n\n\t\t\t\n\t\t\t<div class=\"elementor-form-fields-wrapper elementor-labels-\">\n\t\t\t\t\t\t\t\t<div class=\"elementor-field-type-text elementor-field-group elementor-column elementor-field-group-name elementor-col-60 elementor-field-required\">\n\t\t\t\t\t\t\t\t\t\t\t\t<label for=\"form-field-name\" class=\"elementor-field-label elementor-screen-only\">\n\t\t\t\t\t\t\t\tNombre\t\t\t\t\t\t\t<\/label>\n\t\t\t\t\t\t\t\t\t\t\t\t\t\t<input size=\"1\" type=\"text\" name=\"form_fields[name]\" id=\"form-field-name\" class=\"elementor-field elementor-size-xs  elementor-field-textual\" placeholder=\"Nombre\" required=\"required\">\n\t\t\t\t\t\t\t\t\t\t\t<\/div>\n\t\t\t\t\t\t\t\t<div class=\"elementor-field-type-tel elementor-field-group elementor-column elementor-field-group-field_9b6d623 elementor-col-40 elementor-field-required\">\n\t\t\t\t\t\t\t\t\t\t\t\t<label for=\"form-field-field_9b6d623\" class=\"elementor-field-label elementor-screen-only\">\n\t\t\t\t\t\t\t\tTel\u00e9fono\t\t\t\t\t\t\t<\/label>\n\t\t\t\t\t\t\t\t<input size=\"1\" type=\"tel\" name=\"form_fields[field_9b6d623]\" id=\"form-field-field_9b6d623\" class=\"elementor-field elementor-size-xs  elementor-field-textual\" placeholder=\"Tel\u00e9fono\" required=\"required\" pattern=\"[0-9()#&amp;+*-=.]+\" title=\"Only numbers and phone characters (#, -, *, etc) are accepted.\">\n\n\t\t\t\t\t\t<\/div>\n\t\t\t\t\t\t\t\t<div class=\"elementor-field-type-email elementor-field-group elementor-column elementor-field-group-email elementor-col-100 elementor-field-required\">\n\t\t\t\t\t\t\t\t\t\t\t\t<label for=\"form-field-email\" class=\"elementor-field-label elementor-screen-only\">\n\t\t\t\t\t\t\t\tCorreo electr\u00f3nico\t\t\t\t\t\t\t<\/label>\n\t\t\t\t\t\t\t\t\t\t\t\t\t\t<input size=\"1\" type=\"email\" name=\"form_fields[email]\" id=\"form-field-email\" class=\"elementor-field elementor-size-xs  elementor-field-textual\" placeholder=\"Correo electr\u00f3nico\" required=\"required\">\n\t\t\t\t\t\t\t\t\t\t\t<\/div>\n\t\t\t\t\t\t\t\t<div class=\"elementor-field-type-textarea elementor-field-group elementor-column elementor-field-group-message elementor-col-100\">\n\t\t\t\t\t\t\t\t\t\t\t\t<label for=\"form-field-message\" class=\"elementor-field-label elementor-screen-only\">\n\t\t\t\t\t\t\t\tMensaje\t\t\t\t\t\t\t<\/label>\n\t\t\t\t\t\t<textarea class=\"elementor-field-textual elementor-field  elementor-size-xs\" name=\"form_fields[message]\" id=\"form-field-message\" rows=\"4\" placeholder=\"Mensaje\"><\/textarea>\t\t\t\t<\/div>\n\t\t\t\t\t\t\t\t<div class=\"elementor-field-type-acceptance elementor-field-group elementor-column elementor-field-group-field_892f79e elementor-col-100 elementor-field-required\">\n\t\t\t\t\t\t\t\t\t\t\t\t<label for=\"form-field-field_892f79e\" class=\"elementor-field-label elementor-screen-only\">\n\t\t\t\t\t\t\t\tAceptaci\u00f3n\t\t\t\t\t\t\t<\/label>\n\t\t\t\t\t\t\t\t<div class=\"elementor-field-subgroup\">\n\t\t\t<span class=\"elementor-field-option\">\n\t\t\t\t<input type=\"checkbox\" name=\"form_fields[field_892f79e]\" id=\"form-field-field_892f79e\" class=\"elementor-field elementor-size-xs  elementor-acceptance-field\" required=\"required\">\n\t\t\t\t<label for=\"form-field-field_892f79e\">He le\u00eddo y acepto la <a href=\"https:\/\/perfectbikes.es\/politica-de-privacidad\/\" style=\"color: #E6680E;\">pol\u00edtica de protecci\u00f3n de datos<\/a>\n<\/label>\t\t\t<\/span>\n\t\t<\/div>\n\t\t\t\t\t\t<\/div>\n\t\t\t\t\t\t\t\t<div class=\"elementor-field-type-text\">\n\t\t\t\t\t<input size=\"1\" type=\"text\" name=\"form_fields[field_73b6a7a]\" id=\"form-field-field_73b6a7a\" class=\"elementor-field elementor-size-xs \" style=\"display:none !important;\">\t\t\t\t<\/div>\n\t\t\t\t\t\t\t\t<div class=\"elementor-field-type-recaptcha_v3 elementor-field-group elementor-column elementor-field-group-field_8f335be elementor-col-100 recaptcha_v3-bottomright\">\n\t\t\t\t\t<div class=\"elementor-field\" id=\"form-field-field_8f335be\"><div class=\"elementor-g-recaptcha\" data-sitekey=\"6LdqFIopAAAAAK5PTzsEYgUOgo3ZbR0AdexbaVps\" data-type=\"v3\" data-action=\"Form\" data-badge=\"bottomright\" data-size=\"invisible\"><\/div><\/div>\t\t\t\t<\/div>\n\t\t\t\t\t\t\t\t<div class=\"elementor-field-group elementor-column elementor-field-type-submit elementor-col-100 e-form__buttons\">\n\t\t\t\t\t<button class=\"elementor-button elementor-size-sm\" type=\"submit\">\n\t\t\t\t\t\t<span class=\"elementor-button-content-wrapper\">\n\t\t\t\t\t\t\t\t\t\t\t\t\t\t\t\t\t\t\t\t\t\t<span class=\"elementor-button-text\">Enviar<\/span>\n\t\t\t\t\t\t\t\t\t\t\t\t\t<\/span>\n\t\t\t\t\t<\/button>\n\t\t\t\t<\/div>\n\t\t\t<\/div>\n\t\t<\/form>\n\t\t\t\t\t\t<\/div>\n\t\t\t\t<\/div>\n\t\t\t\t<\/div>\n\t\t<div class=\"elementor-element elementor-element-37550ac5 e-flex e-con-boxed e-con e-parent\" data-id=\"37550ac5\" data-element_type=\"container\" data-settings=\"{&quot;background_background&quot;:&quot;classic&quot;}\">\n\t\t\t\t\t<div class=\"e-con-inner\">\n\t\t<div class=\"elementor-element elementor-element-2a9001e7 e-con-full e-flex e-con e-child\" data-id=\"2a9001e7\" data-element_type=\"container\">\n\t\t\t\t<div class=\"elementor-element elementor-element-40976b95 elementor-widget__width-inherit elementor-widget-divider--view-line elementor-widget elementor-widget-divider\" data-id=\"40976b95\" data-element_type=\"widget\" data-widget_type=\"divider.default\">\n\t\t\t\t<div class=\"elementor-widget-container\">\n\t\t\t\t\t\t\t<div class=\"elementor-divider\">\n\t\t\t<span class=\"elementor-divider-separator\">\n\t\t\t\t\t\t<\/span>\n\t\t<\/div>\n\t\t\t\t\t\t<\/div>\n\t\t\t\t<\/div>\n\t\t\t\t<div class=\"elementor-element elementor-element-1aafd3d8 elementor-widget elementor-widget-icon-box\" data-id=\"1aafd3d8\" data-element_type=\"widget\" data-widget_type=\"icon-box.default\">\n\t\t\t\t<div class=\"elementor-widget-container\">\n\t\t\t\t\t\t\t<div class=\"elementor-icon-box-wrapper\">\n\n\t\t\t\n\t\t\t\t\t\t<div class=\"elementor-icon-box-content\">\n\n\t\t\t\t\t\t\t\t\t<h3 class=\"elementor-icon-box-title\">\n\t\t\t\t\t\t<a href=\"https:\/\/www.google.com\/maps\/dir\/\/perfect+bikes\/data=!4m6!4m5!1m1!4e2!1m2!1m1!1s0xd47b1767937f0f7:0x1dcc8bee2a1ebe8e?sa=X&#038;ved=2ahUKEwjEhoyRvb2EAxUwUaQEHcTtCNIQ9Rd6BAg6EAA\" target=\"_blank\" >\n\t\t\t\t\t\t\tencu\u00e9ntranos\t\t\t\t\t\t<\/a>\n\t\t\t\t\t<\/h3>\n\t\t\t\t\n\t\t\t\t\t\t\t\t\t<p class=\"elementor-icon-box-description\">\n\t\t\t\t\t\tC. Andaluc\u00eda, 43, 34004 Palencia<BR> (El Vial)\t\t\t\t\t<\/p>\n\t\t\t\t\n\t\t\t<\/div>\n\t\t\t\n\t\t<\/div>\n\t\t\t\t\t\t<\/div>\n\t\t\t\t<\/div>\n\t\t\t\t<\/div>\n\t\t<div class=\"elementor-element elementor-element-2eb14371 e-con-full e-flex e-con e-child\" data-id=\"2eb14371\" data-element_type=\"container\">\n\t\t\t\t<div class=\"elementor-element elementor-element-1af0b71b elementor-widget__width-inherit elementor-widget-divider--view-line elementor-widget elementor-widget-divider\" data-id=\"1af0b71b\" data-element_type=\"widget\" data-widget_type=\"divider.default\">\n\t\t\t\t<div class=\"elementor-widget-container\">\n\t\t\t\t\t\t\t<div class=\"elementor-divider\">\n\t\t\t<span class=\"elementor-divider-separator\">\n\t\t\t\t\t\t<\/span>\n\t\t<\/div>\n\t\t\t\t\t\t<\/div>\n\t\t\t\t<\/div>\n\t\t\t\t<div class=\"elementor-element elementor-element-58c611ed elementor-widget elementor-widget-icon-box\" data-id=\"58c611ed\" data-element_type=\"widget\" data-widget_type=\"icon-box.default\">\n\t\t\t\t<div class=\"elementor-widget-container\">\n\t\t\t\t\t\t\t<div class=\"elementor-icon-box-wrapper\">\n\n\t\t\t\n\t\t\t\t\t\t<div class=\"elementor-icon-box-content\">\n\n\t\t\t\t\t\t\t\t\t<h3 class=\"elementor-icon-box-title\">\n\t\t\t\t\t\t<span  >\n\t\t\t\t\t\t\tLl\u00e1manos o escribenos\t\t\t\t\t\t<\/span>\n\t\t\t\t\t<\/h3>\n\t\t\t\t\n\t\t\t\t\t\t\t\t\t<p class=\"elementor-icon-box-description\">\n\t\t\t\t\t\t979 06 95 42 <BR>\ncontacto@perfectbikes.es\t\t\t\t\t<\/p>\n\t\t\t\t\n\t\t\t<\/div>\n\t\t\t\n\t\t<\/div>\n\t\t\t\t\t\t<\/div>\n\t\t\t\t<\/div>\n\t\t\t\t<\/div>\n\t\t<div class=\"elementor-element elementor-element-730515a4 e-con-full e-flex e-con e-child\" data-id=\"730515a4\" data-element_type=\"container\">\n\t\t\t\t<div class=\"elementor-element elementor-element-21905d2c elementor-widget__width-inherit elementor-widget-divider--view-line elementor-widget elementor-widget-divider\" data-id=\"21905d2c\" data-element_type=\"widget\" data-widget_type=\"divider.default\">\n\t\t\t\t<div class=\"elementor-widget-container\">\n\t\t\t\t\t\t\t<div class=\"elementor-divider\">\n\t\t\t<span class=\"elementor-divider-separator\">\n\t\t\t\t\t\t<\/span>\n\t\t<\/div>\n\t\t\t\t\t\t<\/div>\n\t\t\t\t<\/div>\n\t\t\t\t<div class=\"elementor-element elementor-element-5d1f785b elementor-widget elementor-widget-icon-box\" data-id=\"5d1f785b\" data-element_type=\"widget\" data-widget_type=\"icon-box.default\">\n\t\t\t\t<div class=\"elementor-widget-container\">\n\t\t\t\t\t\t\t<div class=\"elementor-icon-box-wrapper\">\n\n\t\t\t\n\t\t\t\t\t\t<div class=\"elementor-icon-box-content\">\n\n\t\t\t\t\t\t\t\t\t<h3 class=\"elementor-icon-box-title\">\n\t\t\t\t\t\t<span  >\n\t\t\t\t\t\t\tHorario\t\t\t\t\t\t<\/span>\n\t\t\t\t\t<\/h3>\n\t\t\t\t\n\t\t\t\t\t\t\t\t\t<p class=\"elementor-icon-box-description\">\n\t\t\t\t\t\tLunes a Jueves: 9:00-14:00, 16:30-20:00 <BR>\nViernes 9:00-14:00\t\t\t\t\t<\/p>\n\t\t\t\t\n\t\t\t<\/div>\n\t\t\t\n\t\t<\/div>\n\t\t\t\t\t\t<\/div>\n\t\t\t\t<\/div>\n\t\t\t\t<\/div>\n\t\t\t\t\t<\/div>\n\t\t\t\t<\/div>\n\t\t\t\t<\/div>\n\t\t","protected":false},"excerpt":{"rendered":"<p>\u00danete a la Comunidad Perfect bikes Cont\u00e1ctanos encu\u00e9ntranos C. Andaluc\u00eda, 43, 34004 Palencia (El Vial) Ll\u00e1manos o escribenos 979 06 95 42 contacto@perfectbikes.es Horario Lunes a Jueves: 9:00-14:00, 16:30-20:00 Viernes 9:00-14:00<\/p>","protected":false},"author":1,"featured_media":0,"parent":0,"menu_order":0,"comment_status":"closed","ping_status":"closed","template":"","meta":{"_joinchat":[],"footnotes":""},"class_list":["post-303","page","type-page","status-publish","hentry"],"yoast_head":"<!-- This site is optimized with the Yoast SEO plugin v26.8 - https:\/\/yoast.com\/product\/yoast-seo-wordpress\/ -->\n<title>Contacto | Perfect Bikes Palencia | Concesionario de Motos<\/title>\n<meta name=\"description\" content=\"\u00bfNecesitas contactar con Perfect Bikes? Llama, escr\u00edbenos por WhatsApp, email o vis\u00edtanos en Palencia. Te asesoramos sin compromiso.\" \/>\n<meta name=\"robots\" content=\"index, follow, max-snippet:-1, max-image-preview:large, max-video-preview:-1\" \/>\n<link rel=\"canonical\" href=\"https:\/\/perfectbikes.es\/en\/contacto\/\" \/>\n<meta property=\"og:locale\" content=\"en_GB\" \/>\n<meta property=\"og:type\" content=\"article\" \/>\n<meta property=\"og:title\" content=\"Contacto | Perfect Bikes Palencia | Concesionario de Motos\" \/>\n<meta property=\"og:description\" content=\"\u00bfNecesitas contactar con Perfect Bikes? Llama, escr\u00edbenos por WhatsApp, email o vis\u00edtanos en Palencia. Te asesoramos sin compromiso.\" \/>\n<meta property=\"og:url\" content=\"https:\/\/perfectbikes.es\/en\/contacto\/\" \/>\n<meta property=\"og:site_name\" content=\"Pefectbikes.es\" \/>\n<meta property=\"article:publisher\" content=\"https:\/\/www.facebook.com\/people\/PerfectBikes\/61558035638983\/\" \/>\n<meta property=\"article:modified_time\" content=\"2025-09-24T11:12:53+00:00\" \/>\n<meta property=\"og:image\" content=\"https:\/\/perfectbikes.es\/wp-content\/uploads\/2024\/01\/PERFECT-BIKES-15-scaled.jpg\" \/>\n\t<meta property=\"og:image:width\" content=\"2560\" \/>\n\t<meta property=\"og:image:height\" content=\"1600\" \/>\n\t<meta property=\"og:image:type\" content=\"image\/jpeg\" \/>\n<meta name=\"twitter:card\" content=\"summary_large_image\" \/>\n<meta name=\"twitter:label1\" content=\"Estimated reading time\" \/>\n\t<meta name=\"twitter:data1\" content=\"1 minute\" \/>\n<script type=\"application\/ld+json\" class=\"yoast-schema-graph\">{\"@context\":\"https:\/\/schema.org\",\"@graph\":[{\"@type\":\"WebPage\",\"@id\":\"https:\/\/perfectbikes.es\/contacto\/\",\"url\":\"https:\/\/perfectbikes.es\/contacto\/\",\"name\":\"Contacto | Perfect Bikes Palencia | Concesionario de Motos\",\"isPartOf\":{\"@id\":\"https:\/\/perfectbikes.es\/#website\"},\"datePublished\":\"2024-01-09T13:58:17+00:00\",\"dateModified\":\"2025-09-24T11:12:53+00:00\",\"description\":\"\u00bfNecesitas contactar con Perfect Bikes? Llama, escr\u00edbenos por WhatsApp, email o vis\u00edtanos en Palencia. Te asesoramos sin compromiso.\",\"breadcrumb\":{\"@id\":\"https:\/\/perfectbikes.es\/contacto\/#breadcrumb\"},\"inLanguage\":\"en-GB\",\"potentialAction\":[{\"@type\":\"ReadAction\",\"target\":[\"https:\/\/perfectbikes.es\/contacto\/\"]}]},{\"@type\":\"BreadcrumbList\",\"@id\":\"https:\/\/perfectbikes.es\/contacto\/#breadcrumb\",\"itemListElement\":[{\"@type\":\"ListItem\",\"position\":1,\"name\":\"Portada\",\"item\":\"https:\/\/perfectbikes.es\/\"},{\"@type\":\"ListItem\",\"position\":2,\"name\":\"Contacto\"}]},{\"@type\":\"WebSite\",\"@id\":\"https:\/\/perfectbikes.es\/#website\",\"url\":\"https:\/\/perfectbikes.es\/\",\"name\":\"Pefectbikes\",\"description\":\"Concesionario Oficial de KTM, CFMotos y Kymco\",\"publisher\":{\"@id\":\"https:\/\/perfectbikes.es\/#organization\"},\"alternateName\":\"Pefectbikes.es\",\"potentialAction\":[{\"@type\":\"SearchAction\",\"target\":{\"@type\":\"EntryPoint\",\"urlTemplate\":\"https:\/\/perfectbikes.es\/?s={search_term_string}\"},\"query-input\":{\"@type\":\"PropertyValueSpecification\",\"valueRequired\":true,\"valueName\":\"search_term_string\"}}],\"inLanguage\":\"en-GB\"},{\"@type\":\"Organization\",\"@id\":\"https:\/\/perfectbikes.es\/#organization\",\"name\":\"PefectBikes\",\"alternateName\":\"PefectBikes.es\",\"url\":\"https:\/\/perfectbikes.es\/\",\"logo\":{\"@type\":\"ImageObject\",\"inLanguage\":\"en-GB\",\"@id\":\"https:\/\/perfectbikes.es\/#\/schema\/logo\/image\/\",\"url\":\"https:\/\/perfectbikes.es\/wp-content\/uploads\/2023\/11\/cropped-Perfect_bikes-_1x1_-removebg-preview-1.png\",\"contentUrl\":\"https:\/\/perfectbikes.es\/wp-content\/uploads\/2023\/11\/cropped-Perfect_bikes-_1x1_-removebg-preview-1.png\",\"width\":512,\"height\":512,\"caption\":\"PefectBikes\"},\"image\":{\"@id\":\"https:\/\/perfectbikes.es\/#\/schema\/logo\/image\/\"},\"sameAs\":[\"https:\/\/www.facebook.com\/people\/PerfectBikes\/61558035638983\/\",\"https:\/\/www.instagram.com\/perfectbikes_\/?hl=es\"]}]}<\/script>\n<!-- \/ Yoast SEO plugin. -->","yoast_head_json":{"title":"Contacto | Perfect Bikes Palencia | Concesionario de Motos","description":"\u00bfNecesitas contactar con Perfect Bikes? Llama, escr\u00edbenos por WhatsApp, email o vis\u00edtanos en Palencia. Te asesoramos sin compromiso.","robots":{"index":"index","follow":"follow","max-snippet":"max-snippet:-1","max-image-preview":"max-image-preview:large","max-video-preview":"max-video-preview:-1"},"canonical":"https:\/\/perfectbikes.es\/en\/contacto\/","og_locale":"en_GB","og_type":"article","og_title":"Contacto | Perfect Bikes Palencia | Concesionario de Motos","og_description":"\u00bfNecesitas contactar con Perfect Bikes? Llama, escr\u00edbenos por WhatsApp, email o vis\u00edtanos en Palencia. Te asesoramos sin compromiso.","og_url":"https:\/\/perfectbikes.es\/en\/contacto\/","og_site_name":"Pefectbikes.es","article_publisher":"https:\/\/www.facebook.com\/people\/PerfectBikes\/61558035638983\/","article_modified_time":"2025-09-24T11:12:53+00:00","og_image":[{"width":2560,"height":1600,"url":"https:\/\/perfectbikes.es\/wp-content\/uploads\/2024\/01\/PERFECT-BIKES-15-scaled.jpg","type":"image\/jpeg"}],"twitter_card":"summary_large_image","twitter_misc":{"Estimated reading time":"1 minute"},"schema":{"@context":"https:\/\/schema.org","@graph":[{"@type":"WebPage","@id":"https:\/\/perfectbikes.es\/contacto\/","url":"https:\/\/perfectbikes.es\/contacto\/","name":"Contacto | Perfect Bikes Palencia | Concesionario de Motos","isPartOf":{"@id":"https:\/\/perfectbikes.es\/#website"},"datePublished":"2024-01-09T13:58:17+00:00","dateModified":"2025-09-24T11:12:53+00:00","description":"\u00bfNecesitas contactar con Perfect Bikes? Llama, escr\u00edbenos por WhatsApp, email o vis\u00edtanos en Palencia. Te asesoramos sin compromiso.","breadcrumb":{"@id":"https:\/\/perfectbikes.es\/contacto\/#breadcrumb"},"inLanguage":"en-GB","potentialAction":[{"@type":"ReadAction","target":["https:\/\/perfectbikes.es\/contacto\/"]}]},{"@type":"BreadcrumbList","@id":"https:\/\/perfectbikes.es\/contacto\/#breadcrumb","itemListElement":[{"@type":"ListItem","position":1,"name":"Portada","item":"https:\/\/perfectbikes.es\/"},{"@type":"ListItem","position":2,"name":"Contacto"}]},{"@type":"WebSite","@id":"https:\/\/perfectbikes.es\/#website","url":"https:\/\/perfectbikes.es\/","name":"Pefectbikes","description":"Concesionario Oficial de KTM, CFMotos y Kymco","publisher":{"@id":"https:\/\/perfectbikes.es\/#organization"},"alternateName":"Pefectbikes.es","potentialAction":[{"@type":"SearchAction","target":{"@type":"EntryPoint","urlTemplate":"https:\/\/perfectbikes.es\/?s={search_term_string}"},"query-input":{"@type":"PropertyValueSpecification","valueRequired":true,"valueName":"search_term_string"}}],"inLanguage":"en-GB"},{"@type":"Organization","@id":"https:\/\/perfectbikes.es\/#organization","name":"PefectBikes","alternateName":"PefectBikes.es","url":"https:\/\/perfectbikes.es\/","logo":{"@type":"ImageObject","inLanguage":"en-GB","@id":"https:\/\/perfectbikes.es\/#\/schema\/logo\/image\/","url":"https:\/\/perfectbikes.es\/wp-content\/uploads\/2023\/11\/cropped-Perfect_bikes-_1x1_-removebg-preview-1.png","contentUrl":"https:\/\/perfectbikes.es\/wp-content\/uploads\/2023\/11\/cropped-Perfect_bikes-_1x1_-removebg-preview-1.png","width":512,"height":512,"caption":"PefectBikes"},"image":{"@id":"https:\/\/perfectbikes.es\/#\/schema\/logo\/image\/"},"sameAs":["https:\/\/www.facebook.com\/people\/PerfectBikes\/61558035638983\/","https:\/\/www.instagram.com\/perfectbikes_\/?hl=es"]}]}},"_links":{"self":[{"href":"https:\/\/perfectbikes.es\/en\/wp-json\/wp\/v2\/pages\/303","targetHints":{"allow":["GET"]}}],"collection":[{"href":"https:\/\/perfectbikes.es\/en\/wp-json\/wp\/v2\/pages"}],"about":[{"href":"https:\/\/perfectbikes.es\/en\/wp-json\/wp\/v2\/types\/page"}],"author":[{"embeddable":true,"href":"https:\/\/perfectbikes.es\/en\/wp-json\/wp\/v2\/users\/1"}],"replies":[{"embeddable":true,"href":"https:\/\/perfectbikes.es\/en\/wp-json\/wp\/v2\/comments?post=303"}],"version-history":[{"count":1,"href":"https:\/\/perfectbikes.es\/en\/wp-json\/wp\/v2\/pages\/303\/revisions"}],"predecessor-version":[{"id":1335,"href":"https:\/\/perfectbikes.es\/en\/wp-json\/wp\/v2\/pages\/303\/revisions\/1335"}],"wp:attachment":[{"href":"https:\/\/perfectbikes.es\/en\/wp-json\/wp\/v2\/media?parent=303"}],"curies":[{"name":"wp","href":"https:\/\/api.w.org\/{rel}","templated":true}]}}