{"id":285,"date":"2024-01-09T13:40:14","date_gmt":"2024-01-09T13:40:14","guid":{"rendered":"https:\/\/perfectbikes.es\/?page_id=285"},"modified":"2025-09-24T12:55:04","modified_gmt":"2025-09-24T10:55:04","slug":"servicios","status":"publish","type":"page","link":"https:\/\/perfectbikes.es\/en\/servicios\/","title":{"rendered":"Services"},"content":{"rendered":"<div data-elementor-type=\"wp-page\" data-elementor-id=\"285\" class=\"elementor elementor-285\" data-elementor-post-type=\"page\">\n\t\t\t\t<div class=\"elementor-element elementor-element-65658d9e e-con-full e-flex e-con e-parent\" data-id=\"65658d9e\" data-element_type=\"container\" id=\"Taller\" data-settings=\"{&quot;background_background&quot;:&quot;classic&quot;}\">\n\t\t<div class=\"elementor-element elementor-element-1e2ed0f0 e-con-full e-flex e-con e-child\" data-id=\"1e2ed0f0\" data-element_type=\"container\" data-settings=\"{&quot;background_background&quot;:&quot;classic&quot;}\">\n\t\t\t\t<div class=\"elementor-element elementor-element-7083a2a0 animated-slow elementor-invisible elementor-widget elementor-widget-heading\" data-id=\"7083a2a0\" data-element_type=\"widget\" data-settings=\"{&quot;_animation&quot;:&quot;slideInUp&quot;}\" data-widget_type=\"heading.default\">\n\t\t\t\t<div class=\"elementor-widget-container\">\n\t\t\t\t\t<h2 class=\"elementor-heading-title elementor-size-default\">Servicio taller<\/h2>\t\t\t\t<\/div>\n\t\t\t\t<\/div>\n\t\t\t\t<div class=\"elementor-element elementor-element-5c412b6c animated-slow elementor-invisible elementor-widget elementor-widget-heading\" data-id=\"5c412b6c\" data-element_type=\"widget\" data-settings=\"{&quot;_animation&quot;:&quot;slideInUp&quot;}\" data-widget_type=\"heading.default\">\n\t\t\t\t<div class=\"elementor-widget-container\">\n\t\t\t\t\t<h3 class=\"elementor-heading-title elementor-size-default\">MANTENIMIENTO<br>\nPROFESIONAL<\/h3>\t\t\t\t<\/div>\n\t\t\t\t<\/div>\n\t\t\t\t<div class=\"elementor-element elementor-element-960fe03 elementor-widget__width-initial elementor-widget elementor-widget-text-editor\" data-id=\"960fe03\" data-element_type=\"widget\" data-widget_type=\"text-editor.default\">\n\t\t\t\t<div class=\"elementor-widget-container\">\n\t\t\t\t\t\t\t\t\t<p>En <strong>Perfect Bikes<\/strong>, somos el <strong>taller oficial de KTM, Kymco y CF Motos en Palencia<\/strong>, lo que significa que ofrecemos el m\u00e1ximo cuidado y mantenimiento especializado para tu moto. Contamos con mec\u00e1nicos certificados por las marcas, lo que garantiza que cada reparaci\u00f3n o revisi\u00f3n cumple con los m\u00e1s altos est\u00e1ndares. Ya sea que necesites una revisi\u00f3n general, mantenimiento preventivo o una reparaci\u00f3n importante, en nuestro <strong>taller oficial en Palencia<\/strong>, tu motocicleta recibe la atenci\u00f3n que merece.<\/p><p>Adem\u00e1s, todos nuestros servicios est\u00e1n respaldados por la <strong>garant\u00eda oficial<\/strong> de cada marca, lo que te asegura que cualquier intervenci\u00f3n est\u00e1 protegida y certificada. Con nosotros, no solo cuidas tu moto, sino que tambi\u00e9n disfrutas de la tranquilidad de contar con un equipo profesional y la seguridad de las marcas l\u00edderes del mercado.<\/p>\t\t\t\t\t\t\t\t<\/div>\n\t\t\t\t<\/div>\n\t\t\t\t<\/div>\n\t\t<div class=\"elementor-element elementor-element-11207157 e-con-full e-flex e-con e-child\" data-id=\"11207157\" data-element_type=\"container\" data-settings=\"{&quot;background_background&quot;:&quot;classic&quot;}\">\n\t\t<div class=\"elementor-element elementor-element-507dd9ae e-con-full e-flex e-con e-child\" data-id=\"507dd9ae\" data-element_type=\"container\">\n\t\t\t\t<div class=\"elementor-element elementor-element-ba708e0 elementor-widget__width-initial elementor-position-top elementor-widget elementor-widget-image-box\" data-id=\"ba708e0\" data-element_type=\"widget\" data-widget_type=\"image-box.default\">\n\t\t\t\t<div class=\"elementor-widget-container\">\n\t\t\t\t\t<div class=\"elementor-image-box-wrapper\"><figure class=\"elementor-image-box-img\"><img fetchpriority=\"high\" decoding=\"async\" width=\"512\" height=\"512\" src=\"https:\/\/perfectbikes.es\/wp-content\/uploads\/2024\/01\/verificado.png\" class=\"attachment-full size-full wp-image-288\" alt=\"\" srcset=\"https:\/\/perfectbikes.es\/wp-content\/uploads\/2024\/01\/verificado.png 512w, https:\/\/perfectbikes.es\/wp-content\/uploads\/2024\/01\/verificado-300x300.png 300w, https:\/\/perfectbikes.es\/wp-content\/uploads\/2024\/01\/verificado-150x150.png 150w\" sizes=\"(max-width: 512px) 100vw, 512px\" \/><\/figure><div class=\"elementor-image-box-content\"><h4 class=\"elementor-image-box-title\">Seguridad Mejorada<\/h4><p class=\"elementor-image-box-description\">Al confiar tu motocicleta a nuestro taller oficial KTM, Kymco y CF Motos en Palencia, garantizas que cada revisi\u00f3n y reparaci\u00f3n cumple con los m\u00e1s altos est\u00e1ndares de la marca. Mantener tu moto en \u00f3ptimas condiciones mec\u00e1nicas no solo mejora su seguridad, sino que reduce el riesgo de aver\u00edas inesperadas que podr\u00edan poner en peligro tu conducci\u00f3n. Con la garant\u00eda oficial de cada fabricante, te aseguras de que tu moto est\u00e1 protegida en todo momento.<\/p><\/div><\/div>\t\t\t\t<\/div>\n\t\t\t\t<\/div>\n\t\t\t\t<div class=\"elementor-element elementor-element-f399ebb elementor-widget__width-initial elementor-position-top elementor-widget elementor-widget-image-box\" data-id=\"f399ebb\" data-element_type=\"widget\" data-widget_type=\"image-box.default\">\n\t\t\t\t<div class=\"elementor-widget-container\">\n\t\t\t\t\t<div class=\"elementor-image-box-wrapper\"><figure class=\"elementor-image-box-img\"><img decoding=\"async\" width=\"512\" height=\"512\" src=\"https:\/\/perfectbikes.es\/wp-content\/uploads\/2024\/01\/reloj-de-arena.png\" class=\"attachment-full size-full wp-image-291\" alt=\"\" srcset=\"https:\/\/perfectbikes.es\/wp-content\/uploads\/2024\/01\/reloj-de-arena.png 512w, https:\/\/perfectbikes.es\/wp-content\/uploads\/2024\/01\/reloj-de-arena-300x300.png 300w, https:\/\/perfectbikes.es\/wp-content\/uploads\/2024\/01\/reloj-de-arena-150x150.png 150w\" sizes=\"(max-width: 512px) 100vw, 512px\" \/><\/figure><div class=\"elementor-image-box-content\"><h4 class=\"elementor-image-box-title\">Durabilidad del Veh\u00edculo<\/h4><p class=\"elementor-image-box-description\">Realizar el mantenimiento en nuestro taller oficial en Palencia prolonga la vida \u00fatil de tu motocicleta. Ya sea una KTM, Kymco o CF Motos, seguimos los protocolos exactos de cada marca para garantizar un rendimiento \u00f3ptimo y evitar desgastes prematuros. Con nuestra experiencia, tu moto se mantendr\u00e1 en condiciones excepcionales durante a\u00f1os, respaldada por nuestra garant\u00eda oficial<\/p><\/div><\/div>\t\t\t\t<\/div>\n\t\t\t\t<\/div>\n\t\t\t\t<div class=\"elementor-element elementor-element-6f7e4eb elementor-widget__width-initial elementor-position-top elementor-widget elementor-widget-image-box\" data-id=\"6f7e4eb\" data-element_type=\"widget\" data-widget_type=\"image-box.default\">\n\t\t\t\t<div class=\"elementor-widget-container\">\n\t\t\t\t\t<div class=\"elementor-image-box-wrapper\"><figure class=\"elementor-image-box-img\"><img decoding=\"async\" width=\"512\" height=\"512\" src=\"https:\/\/perfectbikes.es\/wp-content\/uploads\/2024\/01\/tranquilidad-de-espiritu.png\" class=\"attachment-full size-full wp-image-290\" alt=\"\" srcset=\"https:\/\/perfectbikes.es\/wp-content\/uploads\/2024\/01\/tranquilidad-de-espiritu.png 512w, https:\/\/perfectbikes.es\/wp-content\/uploads\/2024\/01\/tranquilidad-de-espiritu-300x300.png 300w, https:\/\/perfectbikes.es\/wp-content\/uploads\/2024\/01\/tranquilidad-de-espiritu-150x150.png 150w\" sizes=\"(max-width: 512px) 100vw, 512px\" \/><\/figure><div class=\"elementor-image-box-content\"><h4 class=\"elementor-image-box-title\">Tranquilidad Mental<\/h4><p class=\"elementor-image-box-description\">En nuestro taller oficial KTM, Kymco y CF Motos en Palencia, tu moto est\u00e1 en manos de profesionales altamente capacitados. Nos aseguramos de que cualquier posible problema se identifique r\u00e1pidamente y se resuelva adecuadamente, ofreci\u00e9ndote la tranquilidad de contar con la garant\u00eda oficial de cada marca. Puedes estar seguro de que tu motocicleta recibe el mejor cuidado y mantenimiento.<\/p><\/div><\/div>\t\t\t\t<\/div>\n\t\t\t\t<\/div>\n\t\t\t\t<div class=\"elementor-element elementor-element-1417656 elementor-widget__width-initial elementor-position-top elementor-widget elementor-widget-image-box\" data-id=\"1417656\" data-element_type=\"widget\" data-widget_type=\"image-box.default\">\n\t\t\t\t<div class=\"elementor-widget-container\">\n\t\t\t\t\t<div class=\"elementor-image-box-wrapper\"><figure class=\"elementor-image-box-img\"><img loading=\"lazy\" decoding=\"async\" width=\"512\" height=\"512\" src=\"https:\/\/perfectbikes.es\/wp-content\/uploads\/2024\/01\/eficiencia.png\" class=\"attachment-full size-full wp-image-289\" alt=\"\" srcset=\"https:\/\/perfectbikes.es\/wp-content\/uploads\/2024\/01\/eficiencia.png 512w, https:\/\/perfectbikes.es\/wp-content\/uploads\/2024\/01\/eficiencia-300x300.png 300w, https:\/\/perfectbikes.es\/wp-content\/uploads\/2024\/01\/eficiencia-150x150.png 150w\" sizes=\"(max-width: 512px) 100vw, 512px\" \/><\/figure><div class=\"elementor-image-box-content\"><h4 class=\"elementor-image-box-title\">Eficiencia y Rendimiento<\/h4><p class=\"elementor-image-box-description\">Una moto bien mantenida en nuestro taller oficial en Palencia te asegura un rendimiento superior, ya sea que conduzcas una KTM, Kymco o CF Motos. Gracias a nuestras revisiones, tu moto conservar\u00e1 su m\u00e1xima eficiencia, lo que garantizar\u00e1 una experiencia de conducci\u00f3n m\u00e1s placentera y sin sorpresas. Con la garant\u00eda de que cada servicio sigue las indicaciones oficiales de las marcas, estar\u00e1s listo para cualquier trayecto.<\/p><\/div><\/div>\t\t\t\t<\/div>\n\t\t\t\t<\/div>\n\t\t\t\t<\/div>\n\t\t\t\t<\/div>\n\t\t\t\t<\/div>\n\t\t<div class=\"elementor-element elementor-element-bafe019 e-flex e-con-boxed e-con e-parent\" data-id=\"bafe019\" data-element_type=\"container\" id=\"Asesoramiento\" data-settings=\"{&quot;background_background&quot;:&quot;classic&quot;}\">\n\t\t\t\t\t<div class=\"e-con-inner\">\n\t\t<div class=\"elementor-element elementor-element-039e730 e-con-full e-flex e-con e-child\" data-id=\"039e730\" data-element_type=\"container\">\n\t\t\t\t<div class=\"elementor-element elementor-element-77a5dd3 elementor-widget elementor-widget-image\" data-id=\"77a5dd3\" data-element_type=\"widget\" data-widget_type=\"image.default\">\n\t\t\t\t<div class=\"elementor-widget-container\">\n\t\t\t\t\t\t\t\t\t\t\t\t\t\t\t<img loading=\"lazy\" decoding=\"async\" width=\"800\" height=\"545\" src=\"https:\/\/perfectbikes.es\/wp-content\/uploads\/2024\/01\/pexels-linkedin-sales-navigator-2182981-1024x698.jpg\" class=\"attachment-large size-large wp-image-292\" alt=\"\" srcset=\"https:\/\/perfectbikes.es\/wp-content\/uploads\/2024\/01\/pexels-linkedin-sales-navigator-2182981-1024x698.jpg 1024w, https:\/\/perfectbikes.es\/wp-content\/uploads\/2024\/01\/pexels-linkedin-sales-navigator-2182981-300x205.jpg 300w, https:\/\/perfectbikes.es\/wp-content\/uploads\/2024\/01\/pexels-linkedin-sales-navigator-2182981-768x524.jpg 768w, https:\/\/perfectbikes.es\/wp-content\/uploads\/2024\/01\/pexels-linkedin-sales-navigator-2182981-1536x1048.jpg 1536w, https:\/\/perfectbikes.es\/wp-content\/uploads\/2024\/01\/pexels-linkedin-sales-navigator-2182981-2048x1397.jpg 2048w\" sizes=\"(max-width: 800px) 100vw, 800px\" \/>\t\t\t\t\t\t\t\t\t\t\t\t\t\t\t<\/div>\n\t\t\t\t<\/div>\n\t\t\t\t<\/div>\n\t\t<div class=\"elementor-element elementor-element-de02b8c e-con-full e-flex e-con e-child\" data-id=\"de02b8c\" data-element_type=\"container\">\n\t\t\t\t<div class=\"elementor-element elementor-element-ba398d2 animated-slow elementor-invisible elementor-widget elementor-widget-heading\" data-id=\"ba398d2\" data-element_type=\"widget\" data-settings=\"{&quot;_animation&quot;:&quot;slideInUp&quot;}\" data-widget_type=\"heading.default\">\n\t\t\t\t<div class=\"elementor-widget-container\">\n\t\t\t\t\t<h2 class=\"elementor-heading-title elementor-size-default\">ASESORAMIENTO<br>\nPERSONALIZADO<\/h2>\t\t\t\t<\/div>\n\t\t\t\t<\/div>\n\t\t\t\t<div class=\"elementor-element elementor-element-27e5d33 elementor-widget elementor-widget-text-editor\" data-id=\"27e5d33\" data-element_type=\"widget\" data-widget_type=\"text-editor.default\">\n\t\t\t\t<div class=\"elementor-widget-container\">\n\t\t\t\t\t\t\t\t\t<p>Si te encuentras en la dif\u00edcil tarea de seleccionar la motocicleta ideal para tus necesidades y te sientes abrumado por las numerosas opciones disponibles, no te preocupes. Nuestro equipo de expertos est\u00e1 aqu\u00ed para ofrecerte un asesoramiento personalizado y detallado. Con una profunda comprensi\u00f3n de tus preferencias y requerimientos, nos comprometemos a guiarte hacia la elecci\u00f3n perfecta. Ya sea que busques un modelo para aventuras en carretera, desplazamientos diarios o placer personal, estamos dedicados a ayudarte a encontrar la motocicleta que mejor se adapte a tus expectativas y estilo de vida, asegur\u00e1ndonos de que tomes una decisi\u00f3n informada y acertada.<\/p>\t\t\t\t\t\t\t\t<\/div>\n\t\t\t\t<\/div>\n\t\t\t\t<\/div>\n\t\t\t\t\t<\/div>\n\t\t\t\t<\/div>\n\t\t\t\t<\/div>","protected":false},"excerpt":{"rendered":"<p>Servicio taller MANTENIMIENTO PROFESIONAL En Perfect Bikes, somos el taller oficial de KTM, Kymco y CF Motos en Palencia, lo que significa que ofrecemos el m\u00e1ximo cuidado y mantenimiento especializado para tu moto. Contamos con mec\u00e1nicos certificados por las marcas, lo que garantiza que cada reparaci\u00f3n o revisi\u00f3n cumple con los m\u00e1s altos est\u00e1ndares. Ya [&hellip;]<\/p>\n","protected":false},"author":1,"featured_media":0,"parent":0,"menu_order":0,"comment_status":"closed","ping_status":"closed","template":"","meta":{"_joinchat":[],"footnotes":""},"class_list":["post-285","page","type-page","status-publish","hentry"],"yoast_head":"<!-- This site is optimized with the Yoast SEO plugin v26.8 - https:\/\/yoast.com\/product\/yoast-seo-wordpress\/ -->\n<title>Taller Oficial KTM, Kymco y CF Motos en Palencia - Pefectbikes.es<\/title>\n<meta name=\"description\" content=\"Taller Oficial KTM, Kymco y CF Motos en Palencia | Mantenimiento, Reparaciones y Garant\u00eda Oficial en Perfect Bikes\" \/>\n<meta name=\"robots\" content=\"index, follow, max-snippet:-1, max-image-preview:large, max-video-preview:-1\" \/>\n<link rel=\"canonical\" href=\"https:\/\/perfectbikes.es\/en\/servicios\/\" \/>\n<meta property=\"og:locale\" content=\"en_GB\" \/>\n<meta property=\"og:type\" content=\"article\" \/>\n<meta property=\"og:title\" content=\"Taller Oficial KTM, Kymco y CF Motos en Palencia - Pefectbikes.es\" \/>\n<meta property=\"og:description\" content=\"Taller Oficial KTM, Kymco y CF Motos en Palencia | Mantenimiento, Reparaciones y Garant\u00eda Oficial en Perfect Bikes\" \/>\n<meta property=\"og:url\" content=\"https:\/\/perfectbikes.es\/en\/servicios\/\" \/>\n<meta property=\"og:site_name\" content=\"Pefectbikes.es\" \/>\n<meta property=\"article:publisher\" content=\"https:\/\/www.facebook.com\/people\/PerfectBikes\/61558035638983\/\" \/>\n<meta property=\"article:modified_time\" content=\"2025-09-24T10:55:04+00:00\" \/>\n<meta property=\"og:image\" content=\"https:\/\/perfectbikes.es\/wp-content\/uploads\/2024\/01\/verificado.png\" \/>\n<meta name=\"twitter:card\" content=\"summary_large_image\" \/>\n<meta name=\"twitter:label1\" content=\"Estimated reading time\" \/>\n\t<meta name=\"twitter:data1\" content=\"4 minutes\" \/>\n<script type=\"application\/ld+json\" class=\"yoast-schema-graph\">{\"@context\":\"https:\/\/schema.org\",\"@graph\":[{\"@type\":\"WebPage\",\"@id\":\"https:\/\/perfectbikes.es\/servicios\/\",\"url\":\"https:\/\/perfectbikes.es\/servicios\/\",\"name\":\"Taller Oficial KTM, Kymco y CF Motos en Palencia - Pefectbikes.es\",\"isPartOf\":{\"@id\":\"https:\/\/perfectbikes.es\/#website\"},\"primaryImageOfPage\":{\"@id\":\"https:\/\/perfectbikes.es\/servicios\/#primaryimage\"},\"image\":{\"@id\":\"https:\/\/perfectbikes.es\/servicios\/#primaryimage\"},\"thumbnailUrl\":\"https:\/\/perfectbikes.es\/wp-content\/uploads\/2024\/01\/verificado.png\",\"datePublished\":\"2024-01-09T13:40:14+00:00\",\"dateModified\":\"2025-09-24T10:55:04+00:00\",\"description\":\"Taller Oficial KTM, Kymco y CF Motos en Palencia | Mantenimiento, Reparaciones y Garant\u00eda Oficial en Perfect Bikes\",\"breadcrumb\":{\"@id\":\"https:\/\/perfectbikes.es\/servicios\/#breadcrumb\"},\"inLanguage\":\"en-GB\",\"potentialAction\":[{\"@type\":\"ReadAction\",\"target\":[\"https:\/\/perfectbikes.es\/servicios\/\"]}]},{\"@type\":\"ImageObject\",\"inLanguage\":\"en-GB\",\"@id\":\"https:\/\/perfectbikes.es\/servicios\/#primaryimage\",\"url\":\"https:\/\/perfectbikes.es\/wp-content\/uploads\/2024\/01\/verificado.png\",\"contentUrl\":\"https:\/\/perfectbikes.es\/wp-content\/uploads\/2024\/01\/verificado.png\"},{\"@type\":\"BreadcrumbList\",\"@id\":\"https:\/\/perfectbikes.es\/servicios\/#breadcrumb\",\"itemListElement\":[{\"@type\":\"ListItem\",\"position\":1,\"name\":\"Portada\",\"item\":\"https:\/\/perfectbikes.es\/\"},{\"@type\":\"ListItem\",\"position\":2,\"name\":\"Servicios\"}]},{\"@type\":\"WebSite\",\"@id\":\"https:\/\/perfectbikes.es\/#website\",\"url\":\"https:\/\/perfectbikes.es\/\",\"name\":\"Pefectbikes\",\"description\":\"Concesionario Oficial de KTM, CFMotos y Kymco\",\"publisher\":{\"@id\":\"https:\/\/perfectbikes.es\/#organization\"},\"alternateName\":\"Pefectbikes.es\",\"potentialAction\":[{\"@type\":\"SearchAction\",\"target\":{\"@type\":\"EntryPoint\",\"urlTemplate\":\"https:\/\/perfectbikes.es\/?s={search_term_string}\"},\"query-input\":{\"@type\":\"PropertyValueSpecification\",\"valueRequired\":true,\"valueName\":\"search_term_string\"}}],\"inLanguage\":\"en-GB\"},{\"@type\":\"Organization\",\"@id\":\"https:\/\/perfectbikes.es\/#organization\",\"name\":\"PefectBikes\",\"alternateName\":\"PefectBikes.es\",\"url\":\"https:\/\/perfectbikes.es\/\",\"logo\":{\"@type\":\"ImageObject\",\"inLanguage\":\"en-GB\",\"@id\":\"https:\/\/perfectbikes.es\/#\/schema\/logo\/image\/\",\"url\":\"https:\/\/perfectbikes.es\/wp-content\/uploads\/2023\/11\/cropped-Perfect_bikes-_1x1_-removebg-preview-1.png\",\"contentUrl\":\"https:\/\/perfectbikes.es\/wp-content\/uploads\/2023\/11\/cropped-Perfect_bikes-_1x1_-removebg-preview-1.png\",\"width\":512,\"height\":512,\"caption\":\"PefectBikes\"},\"image\":{\"@id\":\"https:\/\/perfectbikes.es\/#\/schema\/logo\/image\/\"},\"sameAs\":[\"https:\/\/www.facebook.com\/people\/PerfectBikes\/61558035638983\/\",\"https:\/\/www.instagram.com\/perfectbikes_\/?hl=es\"]}]}<\/script>\n<!-- \/ Yoast SEO plugin. -->","yoast_head_json":{"title":"Taller Oficial KTM, Kymco y CF Motos en Palencia - Pefectbikes.es","description":"Taller Oficial KTM, Kymco y CF Motos en Palencia | Mantenimiento, Reparaciones y Garant\u00eda Oficial en Perfect Bikes","robots":{"index":"index","follow":"follow","max-snippet":"max-snippet:-1","max-image-preview":"max-image-preview:large","max-video-preview":"max-video-preview:-1"},"canonical":"https:\/\/perfectbikes.es\/en\/servicios\/","og_locale":"en_GB","og_type":"article","og_title":"Taller Oficial KTM, Kymco y CF Motos en Palencia - Pefectbikes.es","og_description":"Taller Oficial KTM, Kymco y CF Motos en Palencia | Mantenimiento, Reparaciones y Garant\u00eda Oficial en Perfect Bikes","og_url":"https:\/\/perfectbikes.es\/en\/servicios\/","og_site_name":"Pefectbikes.es","article_publisher":"https:\/\/www.facebook.com\/people\/PerfectBikes\/61558035638983\/","article_modified_time":"2025-09-24T10:55:04+00:00","og_image":[{"url":"https:\/\/perfectbikes.es\/wp-content\/uploads\/2024\/01\/verificado.png","type":"","width":"","height":""}],"twitter_card":"summary_large_image","twitter_misc":{"Estimated reading time":"4 minutes"},"schema":{"@context":"https:\/\/schema.org","@graph":[{"@type":"WebPage","@id":"https:\/\/perfectbikes.es\/servicios\/","url":"https:\/\/perfectbikes.es\/servicios\/","name":"Taller Oficial KTM, Kymco y CF Motos en Palencia - Pefectbikes.es","isPartOf":{"@id":"https:\/\/perfectbikes.es\/#website"},"primaryImageOfPage":{"@id":"https:\/\/perfectbikes.es\/servicios\/#primaryimage"},"image":{"@id":"https:\/\/perfectbikes.es\/servicios\/#primaryimage"},"thumbnailUrl":"https:\/\/perfectbikes.es\/wp-content\/uploads\/2024\/01\/verificado.png","datePublished":"2024-01-09T13:40:14+00:00","dateModified":"2025-09-24T10:55:04+00:00","description":"Taller Oficial KTM, Kymco y CF Motos en Palencia | Mantenimiento, Reparaciones y Garant\u00eda Oficial en Perfect Bikes","breadcrumb":{"@id":"https:\/\/perfectbikes.es\/servicios\/#breadcrumb"},"inLanguage":"en-GB","potentialAction":[{"@type":"ReadAction","target":["https:\/\/perfectbikes.es\/servicios\/"]}]},{"@type":"ImageObject","inLanguage":"en-GB","@id":"https:\/\/perfectbikes.es\/servicios\/#primaryimage","url":"https:\/\/perfectbikes.es\/wp-content\/uploads\/2024\/01\/verificado.png","contentUrl":"https:\/\/perfectbikes.es\/wp-content\/uploads\/2024\/01\/verificado.png"},{"@type":"BreadcrumbList","@id":"https:\/\/perfectbikes.es\/servicios\/#breadcrumb","itemListElement":[{"@type":"ListItem","position":1,"name":"Portada","item":"https:\/\/perfectbikes.es\/"},{"@type":"ListItem","position":2,"name":"Servicios"}]},{"@type":"WebSite","@id":"https:\/\/perfectbikes.es\/#website","url":"https:\/\/perfectbikes.es\/","name":"Pefectbikes","description":"Concesionario Oficial de KTM, CFMotos y Kymco","publisher":{"@id":"https:\/\/perfectbikes.es\/#organization"},"alternateName":"Pefectbikes.es","potentialAction":[{"@type":"SearchAction","target":{"@type":"EntryPoint","urlTemplate":"https:\/\/perfectbikes.es\/?s={search_term_string}"},"query-input":{"@type":"PropertyValueSpecification","valueRequired":true,"valueName":"search_term_string"}}],"inLanguage":"en-GB"},{"@type":"Organization","@id":"https:\/\/perfectbikes.es\/#organization","name":"PefectBikes","alternateName":"PefectBikes.es","url":"https:\/\/perfectbikes.es\/","logo":{"@type":"ImageObject","inLanguage":"en-GB","@id":"https:\/\/perfectbikes.es\/#\/schema\/logo\/image\/","url":"https:\/\/perfectbikes.es\/wp-content\/uploads\/2023\/11\/cropped-Perfect_bikes-_1x1_-removebg-preview-1.png","contentUrl":"https:\/\/perfectbikes.es\/wp-content\/uploads\/2023\/11\/cropped-Perfect_bikes-_1x1_-removebg-preview-1.png","width":512,"height":512,"caption":"PefectBikes"},"image":{"@id":"https:\/\/perfectbikes.es\/#\/schema\/logo\/image\/"},"sameAs":["https:\/\/www.facebook.com\/people\/PerfectBikes\/61558035638983\/","https:\/\/www.instagram.com\/perfectbikes_\/?hl=es"]}]}},"_links":{"self":[{"href":"https:\/\/perfectbikes.es\/en\/wp-json\/wp\/v2\/pages\/285","targetHints":{"allow":["GET"]}}],"collection":[{"href":"https:\/\/perfectbikes.es\/en\/wp-json\/wp\/v2\/pages"}],"about":[{"href":"https:\/\/perfectbikes.es\/en\/wp-json\/wp\/v2\/types\/page"}],"author":[{"embeddable":true,"href":"https:\/\/perfectbikes.es\/en\/wp-json\/wp\/v2\/users\/1"}],"replies":[{"embeddable":true,"href":"https:\/\/perfectbikes.es\/en\/wp-json\/wp\/v2\/comments?post=285"}],"version-history":[{"count":13,"href":"https:\/\/perfectbikes.es\/en\/wp-json\/wp\/v2\/pages\/285\/revisions"}],"predecessor-version":[{"id":1334,"href":"https:\/\/perfectbikes.es\/en\/wp-json\/wp\/v2\/pages\/285\/revisions\/1334"}],"wp:attachment":[{"href":"https:\/\/perfectbikes.es\/en\/wp-json\/wp\/v2\/media?parent=285"}],"curies":[{"name":"wp","href":"https:\/\/api.w.org\/{rel}","templated":true}]}}