{"id":161,"date":"2023-11-29T18:38:11","date_gmt":"2023-11-29T18:38:11","guid":{"rendered":"https:\/\/perfectbikes.es\/?page_id=161"},"modified":"2025-12-01T08:50:20","modified_gmt":"2025-12-01T07:50:20","slug":"accesibilidad","status":"publish","type":"page","link":"https:\/\/perfectbikes.es\/en\/aviso-legal\/accesibilidad\/","title":{"rendered":"Accessibility"},"content":{"rendered":"<div data-elementor-type=\"wp-page\" data-elementor-id=\"161\" class=\"elementor elementor-161\" data-elementor-post-type=\"page\">\n\t\t\t\t<div class=\"elementor-element elementor-element-9537580 e-flex e-con-boxed e-con e-parent\" data-id=\"9537580\" data-element_type=\"container\">\n\t\t\t\t\t<div class=\"e-con-inner\">\n\t\t\t\t<div class=\"elementor-element elementor-element-626e2e6 elementor-widget elementor-widget-text-editor\" data-id=\"626e2e6\" data-element_type=\"widget\" data-widget_type=\"text-editor.default\">\n\t\t\t\t<div class=\"elementor-widget-container\">\n\t\t\t\t\t\t\t\t\t<p>Actualizado 15\/03\/2023<\/p><p>FUENSAN DISTRIBUCI\u00d3N DE VEHICULOS S.L se compromete en hacer accesible su sitio web de conformidad con el Real Decreto 1112\/2018, sobre accesibilidad de los sitios webs y aplicaciones para dispositivos m\u00f3viles del sector p\u00fablico.<br \/>La presente declaraci\u00f3n de accesibilidad se aplica al sitio web perfectbikes.es<br \/>SITUACI\u00d3N DE CUMPLIMIENTO<br \/>Este sitio web es parcialmente conforme con el\u00a0RD 1112\/2018\u00a0debido a la falta de conformidad de los aspectos que se indican a continuaci\u00f3n.<br \/>Contenido no accesible<br \/>El contenido que se recoge a continuaci\u00f3n no es accesible por lo siguiente:<br \/>Falta de conformidad con el RD 1112\/2018<br \/>Se pueden encontrar im\u00e1genes sin que acompa\u00f1e texto explicativo.<br \/>Se puede encontrar a\u00fan anidamientos incorrectos de etiquetas.<br \/>Podr\u00edan existir fallos de edici\u00f3n en la p\u00e1gina web.<br \/>Carga desproporcionada<br \/>No aplica.<br \/>El contenido no entra dentro del \u00e1mbito de la legislaci\u00f3n aplicable.<br \/>Existen archivos ofim\u00e1ticos en PDF que no cumplan en su totalidad todos los requisitos de accesibilidad.<br \/>La presente declaraci\u00f3n fue preparada el 15 de enero de 2023.<br \/>El m\u00e9todo empleado para preparar la declaraci\u00f3n ha sido una autoevaluaci\u00f3n llevada a cabo por el equipo de accesibilidad.<br \/>\u00daltima revisi\u00f3n de la declaraci\u00f3n: 12 de enero de 2023.<br \/>Observaciones y datos de contacto<br \/>Puede realizar comunicaciones sobre requisitos de accesibilidad (art\u00edculo 10.2.a) del RD 1112\/2018) como por ejemplo:<br \/>Informar sobre cualquier posible incumplimiento por parte de este sitio web.<br \/>Transmitir otras dificultades de acceso al contenido.<br \/>Formular cualquier otra consulta o sugerencia de mejora relativa a la accesibilidad del sitio web.<br \/>A trav\u00e9s de nuestro buz\u00f3n de sugerencias contacto@perfectbikes.es , o de manera presencial en nuestra sede: PALENCIA.<br \/>Las comunicaciones ser\u00e1n recibidas y tratadas por el equipo de Accesibilidad.<\/p>\t\t\t\t\t\t\t\t<\/div>\n\t\t\t\t<\/div>\n\t\t\t\t\t<\/div>\n\t\t\t\t<\/div>\n\t\t\t\t<\/div>","protected":false},"excerpt":{"rendered":"<p>Actualizado 15\/03\/2023 FUENSAN DISTRIBUCI\u00d3N DE VEHICULOS S.L se compromete en hacer accesible su sitio web de conformidad con el Real Decreto 1112\/2018, sobre accesibilidad de los sitios webs y aplicaciones para dispositivos m\u00f3viles del sector p\u00fablico.La presente declaraci\u00f3n de accesibilidad se aplica al sitio web perfectbikes.esSITUACI\u00d3N DE CUMPLIMIENTOEste sitio web es parcialmente conforme con el\u00a0RD [&hellip;]<\/p>\n","protected":false},"author":1,"featured_media":0,"parent":156,"menu_order":0,"comment_status":"closed","ping_status":"closed","template":"","meta":{"_joinchat":[],"footnotes":""},"class_list":["post-161","page","type-page","status-publish","hentry"],"yoast_head":"<!-- This site is optimized with the Yoast SEO plugin v26.8 - https:\/\/yoast.com\/product\/yoast-seo-wordpress\/ -->\n<title>Accesibilidad - Pefectbikes.es<\/title>\n<meta name=\"description\" content=\"Accesibilidad - Concesionario oficial de KTM, Kymco y CFMotos en el centro de Palencia. Ven a ver nuestra exposici\u00f3n de motos y accesorios.\" \/>\n<meta name=\"robots\" content=\"noindex, nofollow\" \/>\n<meta property=\"og:locale\" content=\"en_GB\" \/>\n<meta property=\"og:type\" content=\"article\" \/>\n<meta property=\"og:title\" content=\"Accesibilidad - Pefectbikes.es\" \/>\n<meta property=\"og:description\" content=\"Accesibilidad - Concesionario oficial de KTM, Kymco y CFMotos en el centro de Palencia. Ven a ver nuestra exposici\u00f3n de motos y accesorios.\" \/>\n<meta property=\"og:url\" content=\"https:\/\/perfectbikes.es\/en\/aviso-legal\/accesibilidad\/\" \/>\n<meta property=\"og:site_name\" content=\"Pefectbikes.es\" \/>\n<meta property=\"article:publisher\" content=\"https:\/\/www.facebook.com\/people\/PerfectBikes\/61558035638983\/\" \/>\n<meta property=\"article:modified_time\" content=\"2025-12-01T07:50:20+00:00\" \/>\n<meta property=\"og:image\" content=\"https:\/\/perfectbikes.es\/wp-content\/uploads\/2024\/01\/PERFECT-BIKES-15-scaled.jpg\" \/>\n\t<meta property=\"og:image:width\" content=\"2560\" \/>\n\t<meta property=\"og:image:height\" content=\"1600\" \/>\n\t<meta property=\"og:image:type\" content=\"image\/jpeg\" \/>\n<meta name=\"twitter:card\" content=\"summary_large_image\" \/>\n<meta name=\"twitter:label1\" content=\"Estimated reading time\" \/>\n\t<meta name=\"twitter:data1\" content=\"2 minutes\" \/>\n<script type=\"application\/ld+json\" class=\"yoast-schema-graph\">{\"@context\":\"https:\/\/schema.org\",\"@graph\":[{\"@type\":\"WebPage\",\"@id\":\"https:\/\/perfectbikes.es\/aviso-legal\/accesibilidad\/\",\"url\":\"https:\/\/perfectbikes.es\/aviso-legal\/accesibilidad\/\",\"name\":\"Accesibilidad - Pefectbikes.es\",\"isPartOf\":{\"@id\":\"https:\/\/perfectbikes.es\/#website\"},\"datePublished\":\"2023-11-29T18:38:11+00:00\",\"dateModified\":\"2025-12-01T07:50:20+00:00\",\"description\":\"Accesibilidad - Concesionario oficial de KTM, Kymco y CFMotos en el centro de Palencia. Ven a ver nuestra exposici\u00f3n de motos y accesorios.\",\"breadcrumb\":{\"@id\":\"https:\/\/perfectbikes.es\/aviso-legal\/accesibilidad\/#breadcrumb\"},\"inLanguage\":\"en-GB\",\"potentialAction\":[{\"@type\":\"ReadAction\",\"target\":[\"https:\/\/perfectbikes.es\/aviso-legal\/accesibilidad\/\"]}]},{\"@type\":\"BreadcrumbList\",\"@id\":\"https:\/\/perfectbikes.es\/aviso-legal\/accesibilidad\/#breadcrumb\",\"itemListElement\":[{\"@type\":\"ListItem\",\"position\":1,\"name\":\"Portada\",\"item\":\"https:\/\/perfectbikes.es\/\"},{\"@type\":\"ListItem\",\"position\":2,\"name\":\"Aviso legal\",\"item\":\"https:\/\/perfectbikes.es\/aviso-legal\/\"},{\"@type\":\"ListItem\",\"position\":3,\"name\":\"Accesibilidad\"}]},{\"@type\":\"WebSite\",\"@id\":\"https:\/\/perfectbikes.es\/#website\",\"url\":\"https:\/\/perfectbikes.es\/\",\"name\":\"Pefectbikes\",\"description\":\"Concesionario Oficial de KTM, CFMotos y Kymco\",\"publisher\":{\"@id\":\"https:\/\/perfectbikes.es\/#organization\"},\"alternateName\":\"Pefectbikes.es\",\"potentialAction\":[{\"@type\":\"SearchAction\",\"target\":{\"@type\":\"EntryPoint\",\"urlTemplate\":\"https:\/\/perfectbikes.es\/?s={search_term_string}\"},\"query-input\":{\"@type\":\"PropertyValueSpecification\",\"valueRequired\":true,\"valueName\":\"search_term_string\"}}],\"inLanguage\":\"en-GB\"},{\"@type\":\"Organization\",\"@id\":\"https:\/\/perfectbikes.es\/#organization\",\"name\":\"PefectBikes\",\"alternateName\":\"PefectBikes.es\",\"url\":\"https:\/\/perfectbikes.es\/\",\"logo\":{\"@type\":\"ImageObject\",\"inLanguage\":\"en-GB\",\"@id\":\"https:\/\/perfectbikes.es\/#\/schema\/logo\/image\/\",\"url\":\"https:\/\/perfectbikes.es\/wp-content\/uploads\/2023\/11\/cropped-Perfect_bikes-_1x1_-removebg-preview-1.png\",\"contentUrl\":\"https:\/\/perfectbikes.es\/wp-content\/uploads\/2023\/11\/cropped-Perfect_bikes-_1x1_-removebg-preview-1.png\",\"width\":512,\"height\":512,\"caption\":\"PefectBikes\"},\"image\":{\"@id\":\"https:\/\/perfectbikes.es\/#\/schema\/logo\/image\/\"},\"sameAs\":[\"https:\/\/www.facebook.com\/people\/PerfectBikes\/61558035638983\/\",\"https:\/\/www.instagram.com\/perfectbikes_\/?hl=es\"]}]}<\/script>\n<!-- \/ Yoast SEO plugin. -->","yoast_head_json":{"title":"Accesibilidad - Pefectbikes.es","description":"Accesibilidad - Concesionario oficial de KTM, Kymco y CFMotos en el centro de Palencia. Ven a ver nuestra exposici\u00f3n de motos y accesorios.","robots":{"index":"noindex","follow":"nofollow"},"og_locale":"en_GB","og_type":"article","og_title":"Accesibilidad - Pefectbikes.es","og_description":"Accesibilidad - Concesionario oficial de KTM, Kymco y CFMotos en el centro de Palencia. Ven a ver nuestra exposici\u00f3n de motos y accesorios.","og_url":"https:\/\/perfectbikes.es\/en\/aviso-legal\/accesibilidad\/","og_site_name":"Pefectbikes.es","article_publisher":"https:\/\/www.facebook.com\/people\/PerfectBikes\/61558035638983\/","article_modified_time":"2025-12-01T07:50:20+00:00","og_image":[{"width":2560,"height":1600,"url":"https:\/\/perfectbikes.es\/wp-content\/uploads\/2024\/01\/PERFECT-BIKES-15-scaled.jpg","type":"image\/jpeg"}],"twitter_card":"summary_large_image","twitter_misc":{"Estimated reading time":"2 minutes"},"schema":{"@context":"https:\/\/schema.org","@graph":[{"@type":"WebPage","@id":"https:\/\/perfectbikes.es\/aviso-legal\/accesibilidad\/","url":"https:\/\/perfectbikes.es\/aviso-legal\/accesibilidad\/","name":"Accesibilidad - Pefectbikes.es","isPartOf":{"@id":"https:\/\/perfectbikes.es\/#website"},"datePublished":"2023-11-29T18:38:11+00:00","dateModified":"2025-12-01T07:50:20+00:00","description":"Accesibilidad - Concesionario oficial de KTM, Kymco y CFMotos en el centro de Palencia. Ven a ver nuestra exposici\u00f3n de motos y accesorios.","breadcrumb":{"@id":"https:\/\/perfectbikes.es\/aviso-legal\/accesibilidad\/#breadcrumb"},"inLanguage":"en-GB","potentialAction":[{"@type":"ReadAction","target":["https:\/\/perfectbikes.es\/aviso-legal\/accesibilidad\/"]}]},{"@type":"BreadcrumbList","@id":"https:\/\/perfectbikes.es\/aviso-legal\/accesibilidad\/#breadcrumb","itemListElement":[{"@type":"ListItem","position":1,"name":"Portada","item":"https:\/\/perfectbikes.es\/"},{"@type":"ListItem","position":2,"name":"Aviso legal","item":"https:\/\/perfectbikes.es\/aviso-legal\/"},{"@type":"ListItem","position":3,"name":"Accesibilidad"}]},{"@type":"WebSite","@id":"https:\/\/perfectbikes.es\/#website","url":"https:\/\/perfectbikes.es\/","name":"Pefectbikes","description":"Concesionario Oficial de KTM, CFMotos y Kymco","publisher":{"@id":"https:\/\/perfectbikes.es\/#organization"},"alternateName":"Pefectbikes.es","potentialAction":[{"@type":"SearchAction","target":{"@type":"EntryPoint","urlTemplate":"https:\/\/perfectbikes.es\/?s={search_term_string}"},"query-input":{"@type":"PropertyValueSpecification","valueRequired":true,"valueName":"search_term_string"}}],"inLanguage":"en-GB"},{"@type":"Organization","@id":"https:\/\/perfectbikes.es\/#organization","name":"PefectBikes","alternateName":"PefectBikes.es","url":"https:\/\/perfectbikes.es\/","logo":{"@type":"ImageObject","inLanguage":"en-GB","@id":"https:\/\/perfectbikes.es\/#\/schema\/logo\/image\/","url":"https:\/\/perfectbikes.es\/wp-content\/uploads\/2023\/11\/cropped-Perfect_bikes-_1x1_-removebg-preview-1.png","contentUrl":"https:\/\/perfectbikes.es\/wp-content\/uploads\/2023\/11\/cropped-Perfect_bikes-_1x1_-removebg-preview-1.png","width":512,"height":512,"caption":"PefectBikes"},"image":{"@id":"https:\/\/perfectbikes.es\/#\/schema\/logo\/image\/"},"sameAs":["https:\/\/www.facebook.com\/people\/PerfectBikes\/61558035638983\/","https:\/\/www.instagram.com\/perfectbikes_\/?hl=es"]}]}},"_links":{"self":[{"href":"https:\/\/perfectbikes.es\/en\/wp-json\/wp\/v2\/pages\/161","targetHints":{"allow":["GET"]}}],"collection":[{"href":"https:\/\/perfectbikes.es\/en\/wp-json\/wp\/v2\/pages"}],"about":[{"href":"https:\/\/perfectbikes.es\/en\/wp-json\/wp\/v2\/types\/page"}],"author":[{"embeddable":true,"href":"https:\/\/perfectbikes.es\/en\/wp-json\/wp\/v2\/users\/1"}],"replies":[{"embeddable":true,"href":"https:\/\/perfectbikes.es\/en\/wp-json\/wp\/v2\/comments?post=161"}],"version-history":[{"count":4,"href":"https:\/\/perfectbikes.es\/en\/wp-json\/wp\/v2\/pages\/161\/revisions"}],"predecessor-version":[{"id":1367,"href":"https:\/\/perfectbikes.es\/en\/wp-json\/wp\/v2\/pages\/161\/revisions\/1367"}],"up":[{"embeddable":true,"href":"https:\/\/perfectbikes.es\/en\/wp-json\/wp\/v2\/pages\/156"}],"wp:attachment":[{"href":"https:\/\/perfectbikes.es\/en\/wp-json\/wp\/v2\/media?parent=161"}],"curies":[{"name":"wp","href":"https:\/\/api.w.org\/{rel}","templated":true}]}}